{"id":883,"date":"2025-03-02T23:15:44","date_gmt":"2025-03-02T23:15:44","guid":{"rendered":"https:\/\/deal4good.eu\/consortiu"},"modified":"2025-08-26T06:39:51","modified_gmt":"2025-08-26T06:39:51","slug":"consortiu","status":"publish","type":"page","link":"https:\/\/deal4good.eu\/ro\/consortiu","title":{"rendered":"Consor\u021biu"},"content":{"rendered":"<p>[et_pb_section fb_built=&#8221;1&#8243; next_background_color=&#8221;#ffffff&#8221; _builder_version=&#8221;4.27.4&#8243; _module_preset=&#8221;default&#8221; background_enable_color=&#8221;off&#8221; use_background_color_gradient=&#8221;on&#8221; background_color_gradient_direction=&#8221;83deg&#8221; background_color_gradient_stops=&#8221;#004ba3 40%|#006c55 72%&#8221; height=&#8221;250px&#8221; height_tablet=&#8221;230px&#8221; height_phone=&#8221;210px&#8221; height_last_edited=&#8221;on|phone&#8221; bottom_divider_style=&#8221;triangle&#8221; bottom_divider_height=&#8221;30px&#8221; bottom_divider_flip=&#8221;vertical&#8221; global_colors_info=&#8221;{}&#8221;][et_pb_row _builder_version=&#8221;4.27.4&#8243; _module_preset=&#8221;default&#8221; global_colors_info=&#8221;{}&#8221;][et_pb_column type=&#8221;4_4&#8243; _builder_version=&#8221;4.27.4&#8243; _module_preset=&#8221;default&#8221; global_colors_info=&#8221;{}&#8221;][et_pb_heading title=&#8221;Consor\u021biu&#8221; _builder_version=&#8221;4.27.4&#8243; _module_preset=&#8221;default&#8221; title_text_align=&#8221;center&#8221; title_text_color=&#8221;#FFFFFF&#8221; title_font_size=&#8221;42px&#8221; title_font_size_tablet=&#8221;36px&#8221; title_font_size_phone=&#8221;28px&#8221; title_font_size_last_edited=&#8221;on|phone&#8221; global_colors_info=&#8221;{}&#8221;][\/et_pb_heading][\/et_pb_column][\/et_pb_row][\/et_pb_section][et_pb_section fb_built=&#8221;1&#8243; _builder_version=&#8221;4.27.4&#8243; _module_preset=&#8221;default&#8221; custom_margin=&#8221;-1px||||false|false&#8221; global_colors_info=&#8221;{}&#8221;][et_pb_row column_structure=&#8221;1_2,1_2&#8243; _builder_version=&#8221;4.27.4&#8243; _module_preset=&#8221;default&#8221; global_colors_info=&#8221;{}&#8221;][et_pb_column type=&#8221;1_2&#8243; _builder_version=&#8221;4.27.4&#8243; _module_preset=&#8221;default&#8221; global_colors_info=&#8221;{}&#8221;][lwp_divi_flipbox front_title=&#8221;European Center for Social Finance (Coordonator)&#8221; front_body=&#8221;<\/p>\n<p>Germania<\/p>\n<p>&#8221; front_src=&#8221;https:\/\/deal4good.eu\/wp-content\/uploads\/2025\/03\/ECSF-logo.png&#8221; front_background_color=&#8221;#FFFFFF&#8221; back_background_color=&#8221;#EDEDED&#8221; _builder_version=&#8221;4.27.4&#8243; _module_preset=&#8221;default&#8221; header-front_level=&#8221;h2&#8243; header-front_font=&#8221;|||on|||||&#8221; header-front_text_align=&#8221;center&#8221; header-front_text_color=&#8221;#3D3D3D&#8221; header-front_font_size=&#8221;18px&#8221; header-front_letter_spacing=&#8221;2px&#8221; header-front_line_height=&#8221;1.4em&#8221; front-body_font=&#8221;|600|||||||&#8221; front-body_text_align=&#8221;center&#8221; front-body_text_color=&#8221;#006C55&#8243; front-body_font_size=&#8221;16px&#8221; back-body_text_color=&#8221;#3D3D3D&#8221; width=&#8221;100%&#8221; max_width=&#8221;1200px&#8221; module_alignment=&#8221;center&#8221; link_option_url=&#8221;https:\/\/ecsocfin.com\/&#8221; link_option_url_new_window=&#8221;on&#8221; hover_enabled=&#8221;0&#8243; box_shadow_style=&#8221;preset1&#8243; box_shadow_color=&#8221;#3D3D3D&#8221; global_colors_info=&#8221;{}&#8221; back_body=&#8221;<\/p>\n<p>Centrul European pentru Finan\u021be Sociale (ECSF), cu sediul la Munich Business School, a fost \u00eenfiin\u021bat \u00een 2018 pentru a promova bunele practici \u0219i pentru a disemina cuno\u0219tin\u021be \u00een finan\u021barea serviciilor \u0219i inova\u021biilor sociale. Activ\u00e2nd la intersec\u021bia dintre teorie, practic\u0103 \u0219i politici, ECSF consider\u0103 finan\u021bele sociale ca un proces cuprinz\u0103tor ce include criterii de selec\u021bie, structuri de finan\u021bare \u0219i evaluarea impactului.<\/p>\n<p>Website: <a href=%22https:\/\/ecsocfin.com\/%22 data-et-target-link=%22_blank%22 rel=%22noopener%22>www.ecsocfin.com<br \/><\/a><\/p>\n<p>&#8221; sticky_enabled=&#8221;0&#8243;][\/lwp_divi_flipbox][\/et_pb_column][et_pb_column type=&#8221;1_2&#8243; _builder_version=&#8221;4.27.4&#8243; _module_preset=&#8221;default&#8221; global_colors_info=&#8221;{}&#8221;][lwp_divi_flipbox front_title=&#8221;Exeo Lab Srl  &#8221; front_body=&#8221;<\/p>\n<p>Italia<\/p>\n<p>&#8221; front_src=&#8221;https:\/\/deal4good.eu\/wp-content\/uploads\/2025\/03\/EXEO-logo.png&#8221; front_background_color=&#8221;#FFFFFF&#8221; back_background_color=&#8221;#EDEDED&#8221; _builder_version=&#8221;4.27.4&#8243; _module_preset=&#8221;default&#8221; header-front_level=&#8221;h2&#8243; header-front_font=&#8221;|||on|||||&#8221; header-front_text_align=&#8221;center&#8221; header-front_text_color=&#8221;#3D3D3D&#8221; header-front_font_size=&#8221;18px&#8221; header-front_letter_spacing=&#8221;2px&#8221; front-body_font=&#8221;|600|||||||&#8221; front-body_text_align=&#8221;center&#8221; front-body_text_color=&#8221;#006C55&#8243; front-body_font_size=&#8221;16px&#8221; back-body_text_color=&#8221;#3D3D3D&#8221; width=&#8221;100%&#8221; max_width=&#8221;1200px&#8221; module_alignment=&#8221;center&#8221; link_option_url=&#8221;https:\/\/www.exeolab.it\/en\/&#8221; link_option_url_new_window=&#8221;on&#8221; hover_enabled=&#8221;0&#8243; box_shadow_style=&#8221;preset1&#8243; box_shadow_color=&#8221;#3D3D3D&#8221; global_colors_info=&#8221;{}&#8221; back_body=&#8221;<\/p>\n<p>Exeo Lab este o companie t\u00e2n\u0103r\u0103, multivalent\u0103 \u0219i flexibil\u0103, care \u00ee\u0219i propune o societate bazat\u0103 pe sustenabilitate. Exeo Lab lucreaz\u0103 pentru a demonstra c\u0103 dezvoltarea local\u0103 este cheia atragerii de proiecte, competen\u021be, oportunit\u0103\u021bi \u0219i re\u021bele pentru cre\u0219terea comunit\u0103\u021bii. Domeniul s\u0103u de expertiz\u0103 const\u0103 \u00een cercetare \u0219i analiz\u0103 teritorial\u0103 prin instrumente \u0219i tehnologii inovatoare, pentru a sprijini elaborarea de politici destinate administra\u021biei publice.<\/p>\n<p>Website: <a href=%22https:\/\/www.exeolab.it\/en\/%22 data-et-target-link=%22_blank%22 rel=%22noopener%22>www.exeolab.it<br \/><\/a><\/p>\n<p>&#8221; sticky_enabled=&#8221;0&#8243;][\/lwp_divi_flipbox][\/et_pb_column][\/et_pb_row][et_pb_row column_structure=&#8221;1_2,1_2&#8243; _builder_version=&#8221;4.27.4&#8243; _module_preset=&#8221;default&#8221; global_colors_info=&#8221;{}&#8221;][et_pb_column type=&#8221;1_2&#8243; _builder_version=&#8221;4.27.4&#8243; _module_preset=&#8221;default&#8221; global_colors_info=&#8221;{}&#8221;][lwp_divi_flipbox front_title=&#8221;University of West Attica  &#8221; front_body=&#8221;<\/p>\n<p>Grecia<\/p>\n<p>&#8221; front_src=&#8221;https:\/\/deal4good.eu\/wp-content\/uploads\/2025\/03\/UniWA-logo.png&#8221; front_background_color=&#8221;#FFFFFF&#8221; back_background_color=&#8221;#EDEDED&#8221; _builder_version=&#8221;4.27.4&#8243; _module_preset=&#8221;default&#8221; header-front_level=&#8221;h2&#8243; header-front_font=&#8221;|||on|||||&#8221; header-front_text_align=&#8221;center&#8221; header-front_text_color=&#8221;#3D3D3D&#8221; header-front_font_size=&#8221;18px&#8221; header-front_letter_spacing=&#8221;2px&#8221; front-body_font=&#8221;|600|||||||&#8221; front-body_text_align=&#8221;center&#8221; front-body_text_color=&#8221;#006C55&#8243; front-body_font_size=&#8221;16px&#8221; back-body_text_color=&#8221;#3D3D3D&#8221; width=&#8221;100%&#8221; max_width=&#8221;1200px&#8221; module_alignment=&#8221;center&#8221; link_option_url=&#8221;https:\/\/www.uniwa.gr\/en\/&#8221; link_option_url_new_window=&#8221;on&#8221; hover_enabled=&#8221;0&#8243; box_shadow_style=&#8221;preset1&#8243; box_shadow_color=&#8221;#3D3D3D&#8221; global_colors_info=&#8221;{}&#8221; back_body=&#8221;<\/p>\n<p>Universitatea din Attica de Vest \u2013 UniWA este a treia cea mai mare universitate din Grecia, cu 27 de departamente care func\u021bioneaz\u0103 sub umbrela academic\u0103 a 6 \u0219coli. Combina\u021bia dintre resurse umane \u00eenalt calificate \u0219i cu experien\u021b\u0103, \u00eempreun\u0103 cu infrastructura modern\u0103 existent\u0103, a permis UniWA s\u0103 ofere o gam\u0103 larg\u0103 de servicii educa\u021bionale \u0219i de \u00eenv\u0103\u021bare pe tot parcursul vie\u021bii. Este prima \u201eUniversitate Verde\u201d din Grecia.<\/p>\n<p>Website: <a href=%22https:\/\/www.uniwa.gr\/en\/%22 data-et-target-link=%22_blank%22 rel=%22noopener%22>www.uniwa.gr<br \/><\/a><\/p>\n<p>&#8221; sticky_enabled=&#8221;0&#8243;][\/lwp_divi_flipbox][\/et_pb_column][et_pb_column type=&#8221;1_2&#8243; _builder_version=&#8221;4.27.4&#8243; _module_preset=&#8221;default&#8221; global_colors_info=&#8221;{}&#8221;][lwp_divi_flipbox front_title=&#8221;Incubadora Con Valores  &#8221; front_body=&#8221;<\/p>\n<p>Spania<\/p>\n<p>&#8221; front_src=&#8221;https:\/\/deal4good.eu\/wp-content\/uploads\/2025\/03\/convalores-logo.png&#8221; front_background_color=&#8221;#FFFFFF&#8221; back_background_color=&#8221;#EDEDED&#8221; _builder_version=&#8221;4.27.4&#8243; _module_preset=&#8221;default&#8221; header-front_level=&#8221;h2&#8243; header-front_font=&#8221;|||on|||||&#8221; header-front_text_align=&#8221;center&#8221; header-front_text_color=&#8221;#3D3D3D&#8221; header-front_font_size=&#8221;18px&#8221; header-front_letter_spacing=&#8221;2px&#8221; front-body_font=&#8221;|600|||||||&#8221; front-body_text_align=&#8221;center&#8221; front-body_text_color=&#8221;#006C55&#8243; front-body_font_size=&#8221;16px&#8221; back-body_text_color=&#8221;#3D3D3D&#8221; width=&#8221;100%&#8221; max_width=&#8221;1200px&#8221; module_alignment=&#8221;center&#8221; link_option_url=&#8221;http:\/\/www.cvalores.org\/&#8221; link_option_url_new_window=&#8221;on&#8221; hover_enabled=&#8221;0&#8243; box_shadow_style=&#8221;preset1&#8243; box_shadow_color=&#8221;#3D3D3D&#8221; global_colors_info=&#8221;{}&#8221; back_body=&#8221;<\/p>\n<p>Incubadora Con Valores este o organiza\u021bie non-profit dedicat\u0103 reintegr\u0103rii profesionale \u0219i ini\u021biativelor din economia social\u0103. Aceasta creeaz\u0103 pun\u021bi \u00eentre mediul de afaceri \u0219i cel social pentru a implementa o abordare incluziv\u0103 care sprijin\u0103 antreprenoriatul pentru persoanele aflate \u00een risc de excludere. Misiunea sa este de a folosi experien\u021ba \u00een afaceri pentru a sprijini noile companii dezvoltate de grupuri social excluse.<\/p>\n<p>Website: <a href=%22http:\/\/www.cvalores.org\/%22 data-et-target-link=%22_blank%22 rel=%22noopener%22>www.cvalores.org<br \/><\/a><\/p>\n<p>&#8221; sticky_enabled=&#8221;0&#8243;][\/lwp_divi_flipbox][\/et_pb_column][\/et_pb_row][et_pb_row column_structure=&#8221;1_2,1_2&#8243; _builder_version=&#8221;4.27.4&#8243; _module_preset=&#8221;default&#8221; global_colors_info=&#8221;{}&#8221;][et_pb_column type=&#8221;1_2&#8243; _builder_version=&#8221;4.27.4&#8243; _module_preset=&#8221;default&#8221; global_colors_info=&#8221;{}&#8221;][lwp_divi_flipbox front_title=&#8221;Malta Vocational ltd  &#8221; front_body=&#8221;<\/p>\n<p>Malta<\/p>\n<p>&#8221; front_src=&#8221;https:\/\/deal4good.eu\/wp-content\/uploads\/2025\/03\/malta-vocational-logo.png&#8221; front_background_color=&#8221;#FFFFFF&#8221; back_background_color=&#8221;#EDEDED&#8221; _builder_version=&#8221;4.27.4&#8243; _module_preset=&#8221;default&#8221; header-front_level=&#8221;h2&#8243; header-front_font=&#8221;|||on|||||&#8221; header-front_text_align=&#8221;center&#8221; header-front_text_color=&#8221;#3D3D3D&#8221; header-front_font_size=&#8221;18px&#8221; header-front_letter_spacing=&#8221;2px&#8221; front-body_font=&#8221;|600|||||||&#8221; front-body_text_align=&#8221;center&#8221; front-body_text_color=&#8221;#006C55&#8243; front-body_font_size=&#8221;16px&#8221; back-body_text_color=&#8221;#3D3D3D&#8221; width=&#8221;100%&#8221; max_width=&#8221;1200px&#8221; module_alignment=&#8221;center&#8221; link_option_url=&#8221;https:\/\/maltavocational.com\/&#8221; link_option_url_new_window=&#8221;on&#8221; hover_enabled=&#8221;0&#8243; box_shadow_style=&#8221;preset1&#8243; box_shadow_color=&#8221;#3D3D3D&#8221; global_colors_info=&#8221;{}&#8221; back_body=&#8221;<\/p>\n<p>Malta Vocational este implicat\u0103 \u00een formarea profesional\u0103 voca\u021bional\u0103 \u0219i \u00een proiecte de mobilitate european\u0103, acord\u00e2nd o aten\u021bie deosebit\u0103 at\u00e2t form\u0103rii profesionale ini\u021biale, c\u00e2t \u0219i proceselor de \u00eenv\u0103\u021bare pe tot parcursul vie\u021bii. Malta Vocational se dedic\u0103 instruirii persoanelor \u00een domeniul VET prin proiecte na\u021bionale \u0219i interna\u021bionale gestionate la scar\u0103 european\u0103.<\/p>\n<p>Website: <a href=%22https:\/\/maltavocational.com\/%22 data-et-target-link=%22_blank%22 rel=%22noopener%22>www.maltavocational.com<br \/><\/a><\/p>\n<p>&#8221; sticky_enabled=&#8221;0&#8243;][\/lwp_divi_flipbox][\/et_pb_column][et_pb_column type=&#8221;1_2&#8243; _builder_version=&#8221;4.27.4&#8243; _module_preset=&#8221;default&#8221; global_colors_info=&#8221;{}&#8221;][lwp_divi_flipbox front_title=&#8221;Asociatia Institutul pentru Parteneriat Social Bucovina  &#8221; front_body=&#8221;<\/p>\n<p>Rom\u00e2nia<\/p>\n<p>&#8221; front_src=&#8221;https:\/\/deal4good.eu\/wp-content\/uploads\/2025\/03\/bucovina-institute-logo.png&#8221; front_background_color=&#8221;#FFFFFF&#8221; back_background_color=&#8221;#EDEDED&#8221; _builder_version=&#8221;4.27.4&#8243; _module_preset=&#8221;default&#8221; header-front_level=&#8221;h2&#8243; header-front_font=&#8221;|||on|||||&#8221; header-front_text_align=&#8221;center&#8221; header-front_text_color=&#8221;#3D3D3D&#8221; header-front_font_size=&#8221;18px&#8221; header-front_letter_spacing=&#8221;2px&#8221; header-front_line_height=&#8221;1.4em&#8221; front-body_font=&#8221;|600|||||||&#8221; front-body_text_align=&#8221;center&#8221; front-body_text_color=&#8221;#006C55&#8243; front-body_font_size=&#8221;16px&#8221; back-body_text_color=&#8221;#3D3D3D&#8221; width=&#8221;100%&#8221; max_width=&#8221;1200px&#8221; module_alignment=&#8221;center&#8221; link_option_url=&#8221;https:\/\/bucovinainstitute.org\/&#8221; link_option_url_new_window=&#8221;on&#8221; hover_enabled=&#8221;0&#8243; box_shadow_style=&#8221;preset1&#8243; box_shadow_color=&#8221;#3D3D3D&#8221; global_colors_info=&#8221;{}&#8221; back_body=&#8221;<\/p>\n<p>Asocia\u021bia Institutul pentru Parteneriat Social Bucovina este o organiza\u021bie non-profit fondat\u0103 \u00een 2011, care are ca scop sprijinirea dezvolt\u0103rii durabile a comunit\u0103\u021bilor din Regiunea de Nord-Est a Rom\u00e2niei, Regiunea de Sud-Vest a Ucrainei \u0219i din \u00eentreaga Republic\u0103 Moldova prin proiecte de parteneriat pentru \u00eenv\u0103\u021bare \u0219i prin organizarea de programe continue de formare pentru adul\u021bi.<\/p>\n<p>Website: <a href=%22https:\/\/bucovinainstitute.org\/%22 data-et-target-link=%22_blank%22 rel=%22noopener%22>www.bucovinainstitute.org<br \/><\/a><\/p>\n<p>&#8221; sticky_enabled=&#8221;0&#8243;][\/lwp_divi_flipbox][\/et_pb_column][\/et_pb_row][et_pb_row column_structure=&#8221;1_2,1_2&#8243; _builder_version=&#8221;4.27.4&#8243; _module_preset=&#8221;default&#8221; global_colors_info=&#8221;{}&#8221;][et_pb_column type=&#8221;1_2&#8243; _builder_version=&#8221;4.27.4&#8243; _module_preset=&#8221;default&#8221; global_colors_info=&#8221;{}&#8221;][lwp_divi_flipbox front_title=&#8221;Chamber of Commerce and Industry Vratsa Sdruzhenie  &#8221; front_body=&#8221;<\/p>\n<p>Bulgaria<\/p>\n<p>&#8221; front_src=&#8221;https:\/\/deal4good.eu\/wp-content\/uploads\/2025\/03\/CCI-logo.png&#8221; front_background_color=&#8221;#FFFFFF&#8221; back_background_color=&#8221;#EDEDED&#8221; _builder_version=&#8221;4.27.4&#8243; _module_preset=&#8221;default&#8221; header-front_level=&#8221;h2&#8243; header-front_font=&#8221;|||on|||||&#8221; header-front_text_align=&#8221;center&#8221; header-front_text_color=&#8221;#3D3D3D&#8221; header-front_font_size=&#8221;18px&#8221; header-front_letter_spacing=&#8221;2px&#8221; header-front_line_height=&#8221;1.4em&#8221; front-body_font=&#8221;|600|||||||&#8221; front-body_text_align=&#8221;center&#8221; front-body_text_color=&#8221;#006C55&#8243; front-body_font_size=&#8221;16px&#8221; back-body_text_color=&#8221;#3D3D3D&#8221; width=&#8221;100%&#8221; max_width=&#8221;1200px&#8221; module_alignment=&#8221;center&#8221; link_option_url=&#8221;https:\/\/www.cci-vratsa.org\/en\/home&#8221; link_option_url_new_window=&#8221;on&#8221; hover_enabled=&#8221;0&#8243; box_shadow_style=&#8221;preset1&#8243; box_shadow_color=&#8221;#3D3D3D&#8221; global_colors_info=&#8221;{}&#8221; back_body=&#8221;<\/p>\n<p>Camera de Comer\u021b \u0219i Industrie Vratsa Sdruzhenie se bazeaz\u0103 pe principiile particip\u0103rii \u0219i ader\u0103rii voluntare, autonomiei \u0219i autofinan\u021b\u0103rii. Camera colaboreaz\u0103 \u00eendeaproape cu autorit\u0103\u021bi na\u021bionale, regionale \u0219i locale, precum \u0219i cu alte organiza\u021bii neguvernamentale, IMM-uri, institu\u021bii academice \u0219i de cercetare. Camera face parte din Re\u021beaua Bulgar\u0103 de Transfer Tehnologic.<\/p>\n<p>Website: <a href=%22https:\/\/www.cci-vratsa.org\/en\/home%22 data-et-target-link=%22_blank%22 rel=%22noopener%22>www.cci-vratsa.org<br \/><\/a><\/p>\n<p>&#8221; sticky_enabled=&#8221;0&#8243;][\/lwp_divi_flipbox][\/et_pb_column][et_pb_column type=&#8221;1_2&#8243; _builder_version=&#8221;4.27.4&#8243; _module_preset=&#8221;default&#8221; global_colors_info=&#8221;{}&#8221;][lwp_divi_flipbox front_title=&#8221;TPCT Consulting &#038; Events Ltd  &#8221; front_body=&#8221;<\/p>\n<p>Cipru<\/p>\n<p>&#8221; front_src=&#8221;https:\/\/deal4good.eu\/wp-content\/uploads\/2025\/03\/TPCT-logo.png&#8221; front_background_color=&#8221;#FFFFFF&#8221; back_background_color=&#8221;#EDEDED&#8221; _builder_version=&#8221;4.27.4&#8243; _module_preset=&#8221;default&#8221; header-front_level=&#8221;h2&#8243; header-front_font=&#8221;|||on|||||&#8221; header-front_text_align=&#8221;center&#8221; header-front_text_color=&#8221;#3D3D3D&#8221; header-front_font_size=&#8221;18px&#8221; header-front_letter_spacing=&#8221;2px&#8221; header-front_line_height=&#8221;1.4em&#8221; front-body_font=&#8221;|600|||||||&#8221; front-body_text_align=&#8221;center&#8221; front-body_text_color=&#8221;#006C55&#8243; front-body_font_size=&#8221;16px&#8221; back-body_text_color=&#8221;#3D3D3D&#8221; width=&#8221;100%&#8221; max_width=&#8221;1200px&#8221; module_alignment=&#8221;center&#8221; link_option_url=&#8221;https:\/\/www.tpct.eu\/&#8221; link_option_url_new_window=&#8221;on&#8221; hover_enabled=&#8221;0&#8243; box_shadow_style=&#8221;preset1&#8243; box_shadow_color=&#8221;#3D3D3D&#8221; global_colors_info=&#8221;{}&#8221; back_body=&#8221;<\/p>\n<p>TPCT a fost \u00eenfiin\u021bat\u0103 \u00een 2014, \u00een Cipru, de o echip\u0103 de profesioni\u0219ti \u00een afaceri, ingineri \u0219i cercet\u0103tori care \u00eembin\u0103 expertiza tehnologic\u0103 \u0219i cea de business. Misiunea sa este de a r\u0103spunde \u00een mod optim provoc\u0103rilor pie\u021bei europene \u0219i globale prin activit\u0103\u021bi de Cercetare \u0219i Inovare de v\u00e2rf, solu\u021bii tehnologice avansate, educa\u021bie \u0219i consultan\u021b\u0103.<\/p>\n<p>Website: <a href=%22https:\/\/www.tpct.eu\/%22 data-et-target-link=%22_blank%22 rel=%22noopener%22>www.tpct.eu<br \/><\/a><\/p>\n<p>&#8221; sticky_enabled=&#8221;0&#8243;][\/lwp_divi_flipbox][\/et_pb_column][\/et_pb_row][\/et_pb_section]<\/p>\n","protected":false},"excerpt":{"rendered":"<div class=\"et_pb_module lwp_divi_flipbox lwp_divi_flipbox_0 et_clickable\">\n\t\t\t\t\n\t\t\t\t\n\t\t\t\t\n\t\t\t\t\n\t\t\t\t\n\t\t\t\t\n\t\t\t\t<div class=\"et_pb_module_inner\">\n\t\t\t\t\t<div class=\"flip_box flip_right \">\n\t\t\t<div class=\"flip_box_inner\">\n\t\t\t\t<div class=\"flip_box_front flip_card\">\n\t\t\t\t\t<span class=\"image_wrap\"><img decoding=\"async\" src=\"&#8221;https:\/\/deal4good.eu\/wp-content\/uploads\/2025\/03\/ECSF-logo.png&#8221;\"\/><\/span>\n\t\t\t\t\t<&#8221;h2&#8243; class=\"front_title\">&#8221;European<\/&#8221;h2&#8243;>\n\t\t\t\t\t<div class=\"front_body\">\u201dGermania\u201d<\/div>\n\t\t\t\t<\/div>\n\t\t\t\t<div class=\"flip_box_back flip_card\">\n\t\t\t\t\t<span class=\"image_wrap\"><img decoding=\"async\" src=\"\"\/><\/span>\n\t\t\t\t\t\n\t\t\t\t\t<div class=\"back_body\">\u201dCentrul<\/div>\n\t\t\t\t\t\n\t\t\t\t<\/div>\n\t\t\t<\/div>\n\t\t<\/div>\n\t\t\t\t<\/div>\n\t\t\t<\/div>\n","protected":false},"author":1,"featured_media":0,"parent":0,"menu_order":0,"comment_status":"closed","ping_status":"closed","template":"","meta":{"_acf_changed":false,"_et_pb_use_builder":"on","_et_pb_old_content":"","_et_gb_content_width":"","footnotes":""},"class_list":["post-883","page","type-page","status-publish","hentry"],"acf":[],"_links":{"self":[{"href":"https:\/\/deal4good.eu\/ro\/wp-json\/wp\/v2\/pages\/883","targetHints":{"allow":["GET"]}}],"collection":[{"href":"https:\/\/deal4good.eu\/ro\/wp-json\/wp\/v2\/pages"}],"about":[{"href":"https:\/\/deal4good.eu\/ro\/wp-json\/wp\/v2\/types\/page"}],"author":[{"embeddable":true,"href":"https:\/\/deal4good.eu\/ro\/wp-json\/wp\/v2\/users\/1"}],"replies":[{"embeddable":true,"href":"https:\/\/deal4good.eu\/ro\/wp-json\/wp\/v2\/comments?post=883"}],"version-history":[{"count":3,"href":"https:\/\/deal4good.eu\/ro\/wp-json\/wp\/v2\/pages\/883\/revisions"}],"predecessor-version":[{"id":890,"href":"https:\/\/deal4good.eu\/ro\/wp-json\/wp\/v2\/pages\/883\/revisions\/890"}],"wp:attachment":[{"href":"https:\/\/deal4good.eu\/ro\/wp-json\/wp\/v2\/media?parent=883"}],"curies":[{"name":"wp","href":"https:\/\/api.w.org\/{rel}","templated":true}]}}