{"id":880,"date":"2025-02-25T01:15:07","date_gmt":"2025-02-25T01:15:07","guid":{"rendered":"https:\/\/deal4good.eu\/pagina-de-pornire"},"modified":"2025-09-17T11:44:35","modified_gmt":"2025-09-17T11:44:35","slug":"pagina-de-pornire","status":"publish","type":"page","link":"https:\/\/deal4good.eu\/ro","title":{"rendered":"Pagina de pornire"},"content":{"rendered":"<p>[et_pb_section fb_built=&#8221;1&#8243; admin_label=&#8221;Header&#8221; _builder_version=&#8221;4.27.4&#8243; _module_preset=&#8221;default&#8221; use_background_color_gradient=&#8221;on&#8221; background_color_gradient_stops=&#8221;#f2f0eb 0%|rgba(242,240,235,0) 100%&#8221; background_color_gradient_overlays_image=&#8221;on&#8221; background_image=&#8221;https:\/\/deal4good.eu\/wp-content\/uploads\/2025\/03\/deel4good.jpg&#8221; parallax=&#8221;on&#8221; custom_padding=&#8221;8vw||20vw||false|false&#8221; border_radii=&#8221;off|||3vw|3vw&#8221; collapsed=&#8221;on&#8221; global_colors_info=&#8221;{}&#8221;][et_pb_row _builder_version=&#8221;4.24.0&#8243; _module_preset=&#8221;default&#8221; max_width=&#8221;1800px&#8221; global_colors_info=&#8221;{}&#8221;][et_pb_column type=&#8221;4_4&#8243; _builder_version=&#8221;4.22.0&#8243; _module_preset=&#8221;default&#8221; global_colors_info=&#8221;{}&#8221;][et_pb_text _builder_version=&#8221;4.27.4&#8243; _module_preset=&#8221;_initial&#8221; header_font=&#8221;&#8211;et_global_heading_font|700|||||||&#8221; header_font_size=&#8221;90px&#8221; header_line_height=&#8221;1.1em&#8221; max_width=&#8221;1440px&#8221; custom_margin=&#8221;||10px||false|false&#8221; header_font_size_tablet=&#8221;40px&#8221; header_font_size_phone=&#8221;24px&#8221; header_font_size_last_edited=&#8221;on|desktop&#8221; global_colors_info=&#8221;{}&#8221;]<\/p>\n<h1>Bine a\u021bi venit la<br \/>\nDeal4Good<\/h1>\n<p>[\/et_pb_text][et_pb_text _builder_version=&#8221;4.27.4&#8243; _module_preset=&#8221;_initial&#8221; text_font=&#8221;|600|||||||&#8221; text_text_color=&#8221;#3D3D3D&#8221; text_font_size=&#8221;20px&#8221; header_4_font=&#8221;Inter|700|||||||&#8221; header_4_font_size=&#8221;24px&#8221; header_4_line_height=&#8221;1.4em&#8221; max_width=&#8221;1440px&#8221; header_4_font_size_tablet=&#8221;16px&#8221; header_4_font_size_phone=&#8221;15px&#8221; header_4_font_size_last_edited=&#8221;on|desktop&#8221; global_colors_info=&#8221;{}&#8221;]Sprijinirea \u00eentreprinderilor sociale pentru a prospera \u00een cadrul achizi\u021biilor publice sociale (SPP)[\/et_pb_text][\/et_pb_column][\/et_pb_row][\/et_pb_section][et_pb_section fb_built=&#8221;1&#8243; admin_label=&#8221;About&#8221; _builder_version=&#8221;4.24.0&#8243; _module_preset=&#8221;default&#8221; collapsed=&#8221;on&#8221; global_colors_info=&#8221;{}&#8221;][et_pb_row _builder_version=&#8221;4.27.4&#8243; _module_preset=&#8221;default&#8221; max_width=&#8221;1800px&#8221; global_colors_info=&#8221;{}&#8221;][et_pb_column type=&#8221;4_4&#8243; _builder_version=&#8221;4.22.0&#8243; _module_preset=&#8221;default&#8221; global_colors_info=&#8221;{}&#8221;][et_pb_text _builder_version=&#8221;4.27.4&#8243; _module_preset=&#8221;_initial&#8221; header_2_text_align=&#8221;center&#8221; header_2_font_size=&#8221;36px&#8221; header_2_line_height=&#8221;1.2em&#8221; header_3_font=&#8221;Inter|700|||||||&#8221; header_3_font_size=&#8221;30px&#8221; header_3_line_height=&#8221;1.4em&#8221; custom_margin=&#8221;||10px||false|false&#8221; header_3_font_size_tablet=&#8221;20px&#8221; header_3_font_size_phone=&#8221;16px&#8221; header_3_font_size_last_edited=&#8221;on|desktop&#8221; global_colors_info=&#8221;{}&#8221;]<\/p>\n<h2>Prezentare general\u0103<\/h2>\n<p>[\/et_pb_text][et_pb_text _builder_version=&#8221;4.27.4&#8243; _module_preset=&#8221;_initial&#8221; text_font=&#8221;||||||||&#8221; text_font_size=&#8221;16px&#8221; text_line_height=&#8221;1.8em&#8221; link_font=&#8221;||||on||||&#8221; text_orientation=&#8221;center&#8221; max_width=&#8221;800px&#8221; module_alignment=&#8221;center&#8221; text_font_size_tablet=&#8221;15px&#8221; text_font_size_phone=&#8221;14px&#8221; text_font_size_last_edited=&#8221;on|desktop&#8221; global_colors_info=&#8221;{}&#8221;]Proiectul Deal4Good ofer\u0103 profesioni\u0219tilor competen\u021bele necesare pentru a debloca poten\u021bialul \u00eentreprinderilor sociale prin intermediul achizi\u021biilor publice sociale (SPP). Facem leg\u0103tura \u00eentre formarea profesional\u0103 \u0219i economia social\u0103, preg\u0103tind o nou\u0103 genera\u021bie de exper\u021bi care s\u0103 conduc\u0103 la un viitor mai echitabil \u0219i durabil.[\/et_pb_text][\/et_pb_column][\/et_pb_row][\/et_pb_section][et_pb_section fb_built=&#8221;1&#8243; prev_background_color=&#8221;#ffffff&#8221; next_background_color=&#8221;#ffffff&#8221; _builder_version=&#8221;4.27.4&#8243; _module_preset=&#8221;default&#8221; background_enable_color=&#8221;off&#8221; use_background_color_gradient=&#8221;on&#8221; background_color_gradient_direction=&#8221;83deg&#8221; background_color_gradient_stops=&#8221;#004ba3 40%|#006c55 72%&#8221; height=&#8221;250px&#8221; height_tablet=&#8221;230px&#8221; height_phone=&#8221;210px&#8221; height_last_edited=&#8221;on|phone&#8221; top_divider_style=&#8221;curve&#8221; top_divider_height=&#8221;30px&#8221; top_divider_flip=&#8221;vertical&#8221; bottom_divider_style=&#8221;curve&#8221; bottom_divider_height=&#8221;30px&#8221; global_colors_info=&#8221;{}&#8221;][et_pb_row _builder_version=&#8221;4.27.4&#8243; _module_preset=&#8221;default&#8221; custom_padding=&#8221;45px||11px|||&#8221; global_colors_info=&#8221;{}&#8221;][et_pb_column type=&#8221;4_4&#8243; _builder_version=&#8221;4.27.4&#8243; _module_preset=&#8221;default&#8221; global_colors_info=&#8221;{}&#8221;][et_pb_heading title=&#8221;Al\u0103tura\u021bi-v\u0103 nou\u0103 \u00een transformarea achizi\u021biilor publice pentru un viitor durabil.&#8221; _builder_version=&#8221;4.27.4&#8243; _module_preset=&#8221;default&#8221; title_level=&#8221;h2&#8243; title_text_align=&#8221;center&#8221; title_text_color=&#8221;#FFFFFF&#8221; title_font_size=&#8221;32px&#8221; global_colors_info=&#8221;{}&#8221;][\/et_pb_heading][\/et_pb_column][\/et_pb_row][\/et_pb_section][et_pb_section fb_built=&#8221;1&#8243; admin_label=&#8221;About&#8221; _builder_version=&#8221;4.24.0&#8243; _module_preset=&#8221;default&#8221; collapsed=&#8221;on&#8221; global_colors_info=&#8221;{}&#8221;][et_pb_row _builder_version=&#8221;4.27.4&#8243; _module_preset=&#8221;default&#8221; max_width=&#8221;1800px&#8221; global_colors_info=&#8221;{}&#8221;][et_pb_column type=&#8221;4_4&#8243; _builder_version=&#8221;4.22.0&#8243; _module_preset=&#8221;default&#8221; global_colors_info=&#8221;{}&#8221;][et_pb_text _builder_version=&#8221;4.27.4&#8243; _module_preset=&#8221;_initial&#8221; header_2_text_align=&#8221;center&#8221; header_2_font_size=&#8221;36px&#8221; header_2_line_height=&#8221;1.2em&#8221; header_3_font=&#8221;Inter|700|||||||&#8221; header_3_font_size=&#8221;30px&#8221; header_3_line_height=&#8221;1.4em&#8221; custom_margin=&#8221;||10px||false|false&#8221; header_3_font_size_tablet=&#8221;20px&#8221; header_3_font_size_phone=&#8221;16px&#8221; header_3_font_size_last_edited=&#8221;on|desktop&#8221; global_colors_info=&#8221;{}&#8221;]<\/p>\n<h2>Obiective principale<\/h2>\n<p>[\/et_pb_text][et_pb_text _builder_version=&#8221;4.27.4&#8243; _module_preset=&#8221;_initial&#8221; text_font=&#8221;||||||||&#8221; text_font_size=&#8221;16px&#8221; text_line_height=&#8221;1.8em&#8221; link_font=&#8221;||||on||||&#8221; text_orientation=&#8221;center&#8221; max_width=&#8221;800px&#8221; module_alignment=&#8221;center&#8221; text_font_size_tablet=&#8221;15px&#8221; text_font_size_phone=&#8221;14px&#8221; text_font_size_last_edited=&#8221;on|desktop&#8221; global_colors_info=&#8221;{}&#8221;]Obiectivele principale ale proiectului Deal4Good sunt de a reduce decalajul dintre educa\u021bia \u0219i formarea profesional\u0103 (VET) \u0219i economia social\u0103, de a preg\u0103ti profesioni\u0219ti cu medii socio-economice pentru a sprijini \u00een mod eficient organiza\u021biile economiei sociale \u00een participarea la achizi\u021biile publice sociale (SPP) \u0219i de a contribui la activitatea Comisiei Europene privind integrarea \u00eentreprinderilor sociale pe pia\u021b\u0103.[\/et_pb_text][\/et_pb_column][\/et_pb_row][\/et_pb_section][et_pb_section fb_built=&#8221;1&#8243; admin_label=&#8221;Projects&#8221; _builder_version=&#8221;4.27.4&#8243; _module_preset=&#8221;default&#8221; background_color=&#8221;#EDEDED&#8221; border_radii=&#8221;off|3vw|3vw||&#8221; collapsed=&#8221;on&#8221; global_colors_info=&#8221;{}&#8221;][et_pb_row column_structure=&#8221;1_2,1_2&#8243; _builder_version=&#8221;4.24.0&#8243; _module_preset=&#8221;default&#8221; max_width=&#8221;1800px&#8221; global_colors_info=&#8221;{}&#8221;][et_pb_column type=&#8221;1_2&#8243; _builder_version=&#8221;4.22.0&#8243; _module_preset=&#8221;default&#8221; global_colors_info=&#8221;{}&#8221;][et_pb_blurb title=&#8221;Rezultate&#8221; _builder_version=&#8221;4.27.4&#8243; _module_preset=&#8221;default&#8221; header_level=&#8221;h3&#8243; header_text_color=&#8221;#FFFFFF&#8221; header_font_size=&#8221;28px&#8221; body_text_color=&#8221;#EDEDED&#8221; use_background_color_gradient=&#8221;on&#8221; background_color_gradient_direction=&#8221;90deg&#8221; background_color_gradient_stops=&#8221;#004ba3 25%|#006c55 76%&#8221; text_orientation=&#8221;center&#8221; custom_margin=&#8221;||||false|false&#8221; custom_padding=&#8221;70px||70px||true|false&#8221; animation_style=&#8221;slide&#8221; animation_direction=&#8221;left&#8221; animation_intensity_slide=&#8221;10%&#8221; animation_speed_curve=&#8221;ease-in&#8221; animation=&#8221;off&#8221; link_option_url=&#8221;https:\/\/deal4good.eu\/ro\/rezultatele-proiectului&#8221; border_radii=&#8221;on|30px|30px|30px|30px&#8221; global_colors_info=&#8221;{}&#8221;]<\/p>\n<p>CLICK AICI<\/p>\n<p>[\/et_pb_blurb][\/et_pb_column][et_pb_column type=&#8221;1_2&#8243; _builder_version=&#8221;4.22.0&#8243; _module_preset=&#8221;default&#8221; global_colors_info=&#8221;{}&#8221;][et_pb_blurb title=&#8221;Buletine informative&#8221; _builder_version=&#8221;4.27.4&#8243; _module_preset=&#8221;default&#8221; header_level=&#8221;h3&#8243; header_text_color=&#8221;#FFFFFF&#8221; header_font_size=&#8221;28px&#8221; body_text_color=&#8221;#EDEDED&#8221; use_background_color_gradient=&#8221;on&#8221; background_color_gradient_direction=&#8221;270deg&#8221; background_color_gradient_stops=&#8221;#004ba3 25%|#006c55 76%&#8221; text_orientation=&#8221;center&#8221; custom_margin=&#8221;||||false|false&#8221; custom_padding=&#8221;70px||70px||true|false&#8221; animation_style=&#8221;slide&#8221; animation_direction=&#8221;right&#8221; animation_intensity_slide=&#8221;10%&#8221; animation_speed_curve=&#8221;ease-in&#8221; animation=&#8221;off&#8221; link_option_url=&#8221;https:\/\/deal4good.eu\/ro\/buletine-informative&#8221; border_radii=&#8221;on|30px|30px|30px|30px&#8221; global_colors_info=&#8221;{}&#8221;]<\/p>\n<p>CLICK AICI<\/p>\n<p>[\/et_pb_blurb][\/et_pb_column][\/et_pb_row][\/et_pb_section]<\/p>\n","protected":false},"excerpt":{"rendered":"<p>Bine a\u021bi venit la Deal4GoodSprijinirea \u00eentreprinderilor sociale pentru a prospera \u00een cadrul achizi\u021biilor publice sociale (SPP)Prezentare general\u0103Proiectul Deal4Good ofer\u0103 profesioni\u0219tilor competen\u021bele necesare pentru a debloca poten\u021bialul \u00eentreprinderilor sociale prin intermediul achizi\u021biilor publice sociale (SPP). Facem leg\u0103tura \u00eentre formarea profesional\u0103 \u0219i economia social\u0103, preg\u0103tind o nou\u0103 genera\u021bie de exper\u021bi care s\u0103 conduc\u0103 la un viitor mai [&hellip;]<\/p>\n","protected":false},"author":1,"featured_media":0,"parent":0,"menu_order":0,"comment_status":"closed","ping_status":"closed","template":"","meta":{"_acf_changed":false,"_et_pb_use_builder":"on","_et_pb_old_content":"","_et_gb_content_width":"","footnotes":""},"class_list":["post-880","page","type-page","status-publish","hentry"],"acf":[],"_links":{"self":[{"href":"https:\/\/deal4good.eu\/ro\/wp-json\/wp\/v2\/pages\/880","targetHints":{"allow":["GET"]}}],"collection":[{"href":"https:\/\/deal4good.eu\/ro\/wp-json\/wp\/v2\/pages"}],"about":[{"href":"https:\/\/deal4good.eu\/ro\/wp-json\/wp\/v2\/types\/page"}],"author":[{"embeddable":true,"href":"https:\/\/deal4good.eu\/ro\/wp-json\/wp\/v2\/users\/1"}],"replies":[{"embeddable":true,"href":"https:\/\/deal4good.eu\/ro\/wp-json\/wp\/v2\/comments?post=880"}],"version-history":[{"count":4,"href":"https:\/\/deal4good.eu\/ro\/wp-json\/wp\/v2\/pages\/880\/revisions"}],"predecessor-version":[{"id":1167,"href":"https:\/\/deal4good.eu\/ro\/wp-json\/wp\/v2\/pages\/880\/revisions\/1167"}],"wp:attachment":[{"href":"https:\/\/deal4good.eu\/ro\/wp-json\/wp\/v2\/media?parent=880"}],"curies":[{"name":"wp","href":"https:\/\/api.w.org\/{rel}","templated":true}]}}