{"id":877,"date":"2025-02-24T09:23:50","date_gmt":"2025-02-24T09:23:50","guid":{"rendered":"https:\/\/deal4good.eu\/politica-de-confidentialitate"},"modified":"2025-08-25T17:26:18","modified_gmt":"2025-08-25T17:26:18","slug":"politica-de-confidentialitate","status":"publish","type":"page","link":"https:\/\/deal4good.eu\/ro\/politica-de-confidentialitate","title":{"rendered":"Politica de confiden\u021bialitate"},"content":{"rendered":"<p>[et_pb_section fb_built=&#8221;1&#8243; admin_label=&#8221;section&#8221; _builder_version=&#8221;4.16&#8243; global_colors_info=&#8221;{}&#8221;][et_pb_row admin_label=&#8221;row&#8221; _builder_version=&#8221;4.16&#8243; background_size=&#8221;initial&#8221; background_position=&#8221;top_left&#8221; background_repeat=&#8221;repeat&#8221; global_colors_info=&#8221;{}&#8221;][et_pb_column type=&#8221;4_4&#8243; _builder_version=&#8221;4.16&#8243; custom_padding=&#8221;|||&#8221; global_colors_info=&#8221;{}&#8221; custom_padding__hover=&#8221;|||&#8221;][et_pb_text admin_label=&#8221;Text&#8221; _builder_version=&#8221;4.27.4&#8243; background_size=&#8221;initial&#8221; background_position=&#8221;top_left&#8221; background_repeat=&#8221;repeat&#8221; hover_enabled=&#8221;0&#8243; global_colors_info=&#8221;{}&#8221; sticky_enabled=&#8221;0&#8243; header_font=&#8221;|600|||||||&#8221; header_text_align=&#8221;center&#8221;]<\/p>\n<h1>Politica de confiden\u021bialitate<\/h1>\n<p>Aceast\u0103 pagin\u0103 explic\u0103 modul \u00een care acest site, Deal4Good, colecteaz\u0103, utilizeaz\u0103, p\u0103streaz\u0103 \u0219i protejeaz\u0103 orice informa\u021bie ob\u021binut\u0103 prin instalarea de instrumente de analiz\u0103, practici publicitare \u0219i formularul de contact al site-ului. Ne angaj\u0103m s\u0103 asigur\u0103m protec\u021bia confiden\u021bialit\u0103\u021bii dumneavoastr\u0103 \u0219i s\u0103 gestion\u0103m datele personale \u00een siguran\u021b\u0103, \u00een conformitate cu Regulamentul General privind Protec\u021bia Datelor (GDPR).<\/p>\n<h2>Informa\u021biile pe care le colect\u0103m<\/h2>\n<p>Putem colecta urm\u0103toarele informa\u021bii: <br \/>\u2013 Informa\u021bii personale, cum ar fi numele, adresa de email, num\u0103rul de telefon \u0219i alte detalii furnizate prin formularul de contact de pe site-ul nostru. \u2013 Date de utilizare prin Google Analytics 4, care pot include adrese IP, informa\u021bii despre browser, informa\u021bii despre dispozitiv, loca\u021bie \u0219i interac\u021biuni cu site-ul web.<\/p>\n<h2>Modul \u00een care utiliz\u0103m informa\u021biile colectate<\/h2>\n<p>Folosim informa\u021biile colectate \u00een urm\u0103toarele scopuri:<br \/>\n\u2013 Pentru a r\u0103spunde solicit\u0103rilor \u0219i a furniza informa\u021biile cerute prin formularul de contact de pe site.<br \/>\n\u2013 Pentru a \u00eembun\u0103t\u0103\u021bi site-ul \u0219i serviciile noastre prin analizarea tendin\u021belor, preferin\u021belor utilizatorilor \u0219i interac\u021biunilor prin Google Analytics 4.<br \/>\n\u2013 Pentru a personaliza experien\u021ba utilizatorului \u0219i a adapta serviciile noastre pentru a r\u0103spunde mai bine nevoilor individuale. \u2013 \u00cen scopuri de comunicare, inclusiv buletine informative \u0219i alte strategii de comunicare.<\/p>\n<h2>Abonare la Newsletter<\/h2>\n<p>V\u0103 rug\u0103m s\u0103 re\u021bine\u021bi c\u0103, prin abonare, confirma\u021bi c\u0103 a\u021bi citit Politica noastr\u0103 de confiden\u021bialitate \u0219i acorda\u021bi partenerilor proiectului Deal4Good consim\u021b\u0103m\u00e2ntul explicit pentru colectarea \u0219i utilizarea datelor dumneavoastr\u0103 personale \u0219i a informa\u021biilor furnizate. Colectarea informa\u021biilor personale este destinat\u0103 exclusiv scopului expres de implementare \u0219i gestionare a proiectului Deal4Good. Proiectul Deal4Good se angajeaz\u0103 s\u0103 respecte \u0219i s\u0103 protejeze confiden\u021bialitatea datelor personale colectate. Partenerii proiectului trateaz\u0103 datele dumneavoastr\u0103 personale ca informa\u021bii confiden\u021biale \u0219i nu le vor comunica niciodat\u0103 ter\u021bilor. Deal4Good proceseaz\u0103 datele dumneavoastr\u0103 personale strict \u00een conformitate cu Regulamentul (UE) 2016\/679 din 27 aprilie 2016. De asemenea, v\u0103 rug\u0103m s\u0103 re\u021bine\u021bi c\u0103, automat, sunte\u021bi de acord \u0219i consim\u021bi\u021bi s\u0103 primi\u021bi materiale de comunicare electronice legate de proiectul Deal4Good.<\/p>\n<h2>Securitatea Datelor<\/h2>\n<p>Ne angaj\u0103m s\u0103 asigur\u0103m securitatea informa\u021biilor dumneavoastr\u0103. Am implementat proceduri fizice, electronice \u0219i manageriale adecvate pentru a proteja \u0219i securiza informa\u021biile pe care le colect\u0103m online.<\/p>\n<h2>Divulgarea c\u0103tre Ter\u021bi<\/h2>\n<p>Datele dumneavoastr\u0103, dac\u0103 este necesar, pot fi transferate partenerilor Deal4Good pentru comunic\u0103ri relevante. Nu vindem \u0219i nu schimb\u0103m informa\u021biile dumneavoastr\u0103 personale cu ter\u021bi dec\u00e2t dac\u0103 avem consim\u021b\u0103m\u00e2ntul dumneavoastr\u0103 explicit sau dac\u0103 legea ne oblig\u0103 s\u0103 facem acest lucru. <\/p>\n<h2>Cookies \u0219i Tehnologii de Urm\u0103rire<\/h2>\n<p>Site-ul nostru poate utiliza cookies \u0219i tehnologii similare de urm\u0103rire pentru a \u00eembun\u0103t\u0103\u021bi experien\u021ba utilizatorului. Prin utilizarea site-ului nostru, v\u0103 da\u021bi consim\u021b\u0103m\u00e2ntul pentru utilizarea cookies \u00een conformitate cu Politica noastr\u0103 privind cookies.<\/p>\n<h2>Drepturile Dumneavoastr\u0103<\/h2>\n<p>Ave\u021bi dreptul s\u0103:<br \/>\n\u2013 Solicita\u021bi accesul \u0219i rectificarea datelor dumneavoastr\u0103 personale de\u021binute de noi.<br \/>\n\u2013 Solicita\u021bi \u0219tergerea datelor dumneavoastr\u0103 personale \u00een anumite circumstan\u021be.<br \/>\n\u2013 V\u0103 opune\u021bi prelucr\u0103rii datelor dumneavoastr\u0103 personale.<br \/>\n\u2013 Retrage\u021bi consim\u021b\u0103m\u00e2ntul pentru prelucrarea datelor personale atunci c\u00e2nd consim\u021b\u0103m\u00e2ntul este baza legal\u0103 pentru prelucrare.<\/p>\n<h2>Modific\u0103ri ale acestei Politici de Confiden\u021bialitate<\/h2>\n<p>Ne rezerv\u0103m dreptul de a actualiza sau modifica aceast\u0103 Politic\u0103 de Confiden\u021bialitate \u00een orice moment. Orice modific\u0103ri vor fi reflectate pe aceast\u0103 pagin\u0103, iar v\u0103 \u00eencuraj\u0103m s\u0103 revizui\u021bi periodic aceast\u0103 politic\u0103.<\/p>\n<h2>Contacta\u021bi-ne<\/h2>\n<p>Dac\u0103 ave\u021bi \u00eentreb\u0103ri sau nel\u0103muriri cu privire la aceast\u0103 Politic\u0103 de Confiden\u021bialitate sau la gestionarea datelor dumneavoastr\u0103 personale, v\u0103 rug\u0103m s\u0103 ne contacta\u021bi prin formularul de pe Pagina de Contact.<\/p>\n<p>Ultima actualizare: 20 martie 2025[\/et_pb_text][\/et_pb_column][\/et_pb_row][\/et_pb_section]<\/p>\n","protected":false},"excerpt":{"rendered":"<p>Politica de confiden\u021bialitate Aceast\u0103 pagin\u0103 explic\u0103 modul \u00een care acest site, Deal4Good, colecteaz\u0103, utilizeaz\u0103, p\u0103streaz\u0103 \u0219i protejeaz\u0103 orice informa\u021bie ob\u021binut\u0103 prin instalarea de instrumente de analiz\u0103, practici publicitare \u0219i formularul de contact al site-ului. Ne angaj\u0103m s\u0103 asigur\u0103m protec\u021bia confiden\u021bialit\u0103\u021bii dumneavoastr\u0103 \u0219i s\u0103 gestion\u0103m datele personale \u00een siguran\u021b\u0103, \u00een conformitate cu Regulamentul General privind Protec\u021bia [&hellip;]<\/p>\n","protected":false},"author":1,"featured_media":0,"parent":0,"menu_order":0,"comment_status":"closed","ping_status":"open","template":"","meta":{"_acf_changed":false,"_et_pb_use_builder":"on","_et_pb_old_content":"","_et_gb_content_width":"","footnotes":""},"class_list":["post-877","page","type-page","status-publish","hentry"],"acf":[],"_links":{"self":[{"href":"https:\/\/deal4good.eu\/ro\/wp-json\/wp\/v2\/pages\/877","targetHints":{"allow":["GET"]}}],"collection":[{"href":"https:\/\/deal4good.eu\/ro\/wp-json\/wp\/v2\/pages"}],"about":[{"href":"https:\/\/deal4good.eu\/ro\/wp-json\/wp\/v2\/types\/page"}],"author":[{"embeddable":true,"href":"https:\/\/deal4good.eu\/ro\/wp-json\/wp\/v2\/users\/1"}],"replies":[{"embeddable":true,"href":"https:\/\/deal4good.eu\/ro\/wp-json\/wp\/v2\/comments?post=877"}],"version-history":[{"count":2,"href":"https:\/\/deal4good.eu\/ro\/wp-json\/wp\/v2\/pages\/877\/revisions"}],"predecessor-version":[{"id":879,"href":"https:\/\/deal4good.eu\/ro\/wp-json\/wp\/v2\/pages\/877\/revisions\/879"}],"wp:attachment":[{"href":"https:\/\/deal4good.eu\/ro\/wp-json\/wp\/v2\/media?parent=877"}],"curies":[{"name":"wp","href":"https:\/\/api.w.org\/{rel}","templated":true}]}}