{"id":830,"date":"2025-03-02T23:15:44","date_gmt":"2025-03-02T23:15:44","guid":{"rendered":"https:\/\/deal4good.eu\/consorzio"},"modified":"2025-08-25T16:00:12","modified_gmt":"2025-08-25T16:00:12","slug":"consorzio","status":"publish","type":"page","link":"https:\/\/deal4good.eu\/it\/consorzio","title":{"rendered":"Consorzio"},"content":{"rendered":"<p>[et_pb_section fb_built=&#8221;1&#8243; next_background_color=&#8221;#ffffff&#8221; _builder_version=&#8221;4.27.4&#8243; _module_preset=&#8221;default&#8221; background_enable_color=&#8221;off&#8221; use_background_color_gradient=&#8221;on&#8221; background_color_gradient_direction=&#8221;83deg&#8221; background_color_gradient_stops=&#8221;#004ba3 40%|#006c55 72%&#8221; height=&#8221;250px&#8221; height_tablet=&#8221;230px&#8221; height_phone=&#8221;210px&#8221; height_last_edited=&#8221;on|phone&#8221; bottom_divider_style=&#8221;triangle&#8221; bottom_divider_height=&#8221;30px&#8221; bottom_divider_flip=&#8221;vertical&#8221; global_colors_info=&#8221;{}&#8221;][et_pb_row _builder_version=&#8221;4.27.4&#8243; _module_preset=&#8221;default&#8221; global_colors_info=&#8221;{}&#8221;][et_pb_column type=&#8221;4_4&#8243; _builder_version=&#8221;4.27.4&#8243; _module_preset=&#8221;default&#8221; global_colors_info=&#8221;{}&#8221;][et_pb_heading title=&#8221;Consorzio&#8221; _builder_version=&#8221;4.27.4&#8243; _module_preset=&#8221;default&#8221; title_text_align=&#8221;center&#8221; title_text_color=&#8221;#FFFFFF&#8221; title_font_size=&#8221;42px&#8221; title_font_size_tablet=&#8221;36px&#8221; title_font_size_phone=&#8221;28px&#8221; title_font_size_last_edited=&#8221;on|phone&#8221; global_colors_info=&#8221;{}&#8221;][\/et_pb_heading][\/et_pb_column][\/et_pb_row][\/et_pb_section][et_pb_section fb_built=&#8221;1&#8243; _builder_version=&#8221;4.27.4&#8243; _module_preset=&#8221;default&#8221; custom_margin=&#8221;-1px||||false|false&#8221; global_colors_info=&#8221;{}&#8221;][et_pb_row column_structure=&#8221;1_2,1_2&#8243; _builder_version=&#8221;4.27.4&#8243; _module_preset=&#8221;default&#8221; global_colors_info=&#8221;{}&#8221;][et_pb_column type=&#8221;1_2&#8243; _builder_version=&#8221;4.27.4&#8243; _module_preset=&#8221;default&#8221; global_colors_info=&#8221;{}&#8221;][lwp_divi_flipbox front_title=&#8221;European Center for Social Finance (Coordinatore)&#8221; front_body=&#8221;<\/p>\n<p>Germania<\/p>\n<p>&#8221; front_src=&#8221;https:\/\/deal4good.eu\/wp-content\/uploads\/2025\/03\/ECSF-logo.png&#8221; front_background_color=&#8221;#FFFFFF&#8221; back_background_color=&#8221;#EDEDED&#8221; _builder_version=&#8221;4.27.4&#8243; _module_preset=&#8221;default&#8221; header-front_level=&#8221;h2&#8243; header-front_font=&#8221;|||on|||||&#8221; header-front_text_align=&#8221;center&#8221; header-front_text_color=&#8221;#3D3D3D&#8221; header-front_font_size=&#8221;18px&#8221; header-front_letter_spacing=&#8221;2px&#8221; header-front_line_height=&#8221;1.4em&#8221; front-body_font=&#8221;|600|||||||&#8221; front-body_text_align=&#8221;center&#8221; front-body_text_color=&#8221;#006C55&#8243; front-body_font_size=&#8221;16px&#8221; back-body_text_color=&#8221;#3D3D3D&#8221; width=&#8221;100%&#8221; max_width=&#8221;1200px&#8221; module_alignment=&#8221;center&#8221; link_option_url=&#8221;https:\/\/ecsocfin.com\/&#8221; link_option_url_new_window=&#8221;on&#8221; hover_enabled=&#8221;0&#8243; box_shadow_style=&#8221;preset1&#8243; box_shadow_color=&#8221;#3D3D3D&#8221; global_colors_info=&#8221;{}&#8221; sticky_enabled=&#8221;0&#8243; back_body=&#8221;<\/p>\n<p>Il Centro Europeo per la Finanza Sociale (ECSF), con sede presso la Munich Business School, \u00e8 stato fondato nel 2018 per promuovere le migliori pratiche e diffondere conoscenze nel finanziamento dei servizi sociali e delle innovazioni. Operando all\u2019incrocio tra teoria, pratica e politica, l\u2019ECSF considera la finanza sociale come un processo completo che comprende criteri di selezione, strutture di finanziamento e valutazione dell\u2019impatto.<\/p>\n<p>Sito web: <a href=%22https:\/\/ecsocfin.com\/%22 data-et-target-link=%22_blank%22 rel=%22noopener%22>www.ecsocfin.com<br \/><\/a><\/p>\n<p>&#8220;][\/lwp_divi_flipbox][\/et_pb_column][et_pb_column type=&#8221;1_2&#8243; _builder_version=&#8221;4.27.4&#8243; _module_preset=&#8221;default&#8221; global_colors_info=&#8221;{}&#8221;][lwp_divi_flipbox front_title=&#8221;Exeo Lab Srl  &#8221; front_body=&#8221;<\/p>\n<p>Italia<\/p>\n<p>&#8221; front_src=&#8221;https:\/\/deal4good.eu\/wp-content\/uploads\/2025\/03\/EXEO-logo.png&#8221; front_background_color=&#8221;#FFFFFF&#8221; back_background_color=&#8221;#EDEDED&#8221; _builder_version=&#8221;4.27.4&#8243; _module_preset=&#8221;default&#8221; header-front_level=&#8221;h2&#8243; header-front_font=&#8221;|||on|||||&#8221; header-front_text_align=&#8221;center&#8221; header-front_text_color=&#8221;#3D3D3D&#8221; header-front_font_size=&#8221;18px&#8221; header-front_letter_spacing=&#8221;2px&#8221; front-body_font=&#8221;|600|||||||&#8221; front-body_text_align=&#8221;center&#8221; front-body_text_color=&#8221;#006C55&#8243; front-body_font_size=&#8221;16px&#8221; back-body_text_color=&#8221;#3D3D3D&#8221; width=&#8221;100%&#8221; max_width=&#8221;1200px&#8221; module_alignment=&#8221;center&#8221; link_option_url=&#8221;https:\/\/www.exeolab.it\/en\/&#8221; link_option_url_new_window=&#8221;on&#8221; hover_enabled=&#8221;0&#8243; box_shadow_style=&#8221;preset1&#8243; box_shadow_color=&#8221;#3D3D3D&#8221; global_colors_info=&#8221;{}&#8221; back_body=&#8221;<\/p>\n<p>Exeo Lab \u00e8 una giovane azienda poliedrica e flessibile che immagina una societ\u00e0 guidata dalla sostenibilit\u00e0. Exeo Lab lavora per dimostrare che lo sviluppo locale \u00e8 la chiave per attrarre progetti, competenze, opportunit\u00e0 e reti a sostegno della crescita delle comunit\u00e0. La sua area di competenza riguarda la ricerca e l\u2019analisi territoriale attraverso strumenti e tecnologie innovative, per supportare la progettazione di politiche per la pubblica amministrazione.<\/p>\n<p>Sito web: <a href=%22https:\/\/www.exeolab.it\/en\/%22 data-et-target-link=%22_blank%22 rel=%22noopener%22>www.exeolab.it<br \/><\/a><\/p>\n<p>&#8221; sticky_enabled=&#8221;0&#8243;][\/lwp_divi_flipbox][\/et_pb_column][\/et_pb_row][et_pb_row column_structure=&#8221;1_2,1_2&#8243; _builder_version=&#8221;4.27.4&#8243; _module_preset=&#8221;default&#8221; global_colors_info=&#8221;{}&#8221;][et_pb_column type=&#8221;1_2&#8243; _builder_version=&#8221;4.27.4&#8243; _module_preset=&#8221;default&#8221; global_colors_info=&#8221;{}&#8221;][lwp_divi_flipbox front_title=&#8221;University of West Attica  &#8221; front_body=&#8221;<\/p>\n<p>Grecia<\/p>\n<p>&#8221; front_src=&#8221;https:\/\/deal4good.eu\/wp-content\/uploads\/2025\/03\/UniWA-logo.png&#8221; front_background_color=&#8221;#FFFFFF&#8221; back_background_color=&#8221;#EDEDED&#8221; _builder_version=&#8221;4.27.4&#8243; _module_preset=&#8221;default&#8221; header-front_level=&#8221;h2&#8243; header-front_font=&#8221;|||on|||||&#8221; header-front_text_align=&#8221;center&#8221; header-front_text_color=&#8221;#3D3D3D&#8221; header-front_font_size=&#8221;18px&#8221; header-front_letter_spacing=&#8221;2px&#8221; front-body_font=&#8221;|600|||||||&#8221; front-body_text_align=&#8221;center&#8221; front-body_text_color=&#8221;#006C55&#8243; front-body_font_size=&#8221;16px&#8221; back-body_text_color=&#8221;#3D3D3D&#8221; width=&#8221;100%&#8221; max_width=&#8221;1200px&#8221; module_alignment=&#8221;center&#8221; link_option_url=&#8221;https:\/\/www.uniwa.gr\/en\/&#8221; link_option_url_new_window=&#8221;on&#8221; hover_enabled=&#8221;0&#8243; box_shadow_style=&#8221;preset1&#8243; box_shadow_color=&#8221;#3D3D3D&#8221; global_colors_info=&#8221;{}&#8221; sticky_enabled=&#8221;0&#8243; back_body=&#8221;<\/p>\n<p>L\u2019Universit\u00e0 dell\u2019Attica Occidentale \u2013 UniWA \u00e8 la terza universit\u00e0 pi\u00f9 grande della Grecia, con 27 dipartimenti che operano sotto l\u2019ombrello accademico di 6 scuole. La combinazione di risorse umane altamente qualificate ed esperte, insieme alle moderne infrastrutture esistenti, ha permesso a UniWA di offrire un\u2019ampia gamma di servizi educativi e di apprendimento permanente. \u00c8 la prima \u201cUniversit\u00e0 Verde\u201d in Grecia.<\/p>\n<p>Sito web: <a href=%22https:\/\/www.uniwa.gr\/en\/%22 data-et-target-link=%22_blank%22 rel=%22noopener%22>www.uniwa.gr<br \/><\/a><\/p>\n<p>&#8220;][\/lwp_divi_flipbox][\/et_pb_column][et_pb_column type=&#8221;1_2&#8243; _builder_version=&#8221;4.27.4&#8243; _module_preset=&#8221;default&#8221; global_colors_info=&#8221;{}&#8221;][lwp_divi_flipbox front_title=&#8221;Incubadora Con Valores  &#8221; front_body=&#8221;<\/p>\n<p>Spagna<\/p>\n<p>&#8221; front_src=&#8221;https:\/\/deal4good.eu\/wp-content\/uploads\/2025\/03\/convalores-logo.png&#8221; front_background_color=&#8221;#FFFFFF&#8221; back_background_color=&#8221;#EDEDED&#8221; _builder_version=&#8221;4.27.4&#8243; _module_preset=&#8221;default&#8221; header-front_level=&#8221;h2&#8243; header-front_font=&#8221;|||on|||||&#8221; header-front_text_align=&#8221;center&#8221; header-front_text_color=&#8221;#3D3D3D&#8221; header-front_font_size=&#8221;18px&#8221; header-front_letter_spacing=&#8221;2px&#8221; front-body_font=&#8221;|600|||||||&#8221; front-body_text_align=&#8221;center&#8221; front-body_text_color=&#8221;#006C55&#8243; front-body_font_size=&#8221;16px&#8221; back-body_text_color=&#8221;#3D3D3D&#8221; width=&#8221;100%&#8221; max_width=&#8221;1200px&#8221; module_alignment=&#8221;center&#8221; link_option_url=&#8221;http:\/\/www.cvalores.org\/&#8221; link_option_url_new_window=&#8221;on&#8221; hover_enabled=&#8221;0&#8243; box_shadow_style=&#8221;preset1&#8243; box_shadow_color=&#8221;#3D3D3D&#8221; global_colors_info=&#8221;{}&#8221; sticky_enabled=&#8221;0&#8243; back_body=&#8221;<\/p>\n<p>Incubadora Con Valores \u00e8 un\u2019organizzazione non profit dedicata al reinserimento lavorativo e alle iniziative di economia sociale. L\u2019organizzazione crea ponti tra il mondo imprenditoriale e quello sociale per promuovere un approccio inclusivo che sostenga l\u2019imprenditorialit\u00e0 delle persone a rischio di esclusione. La sua missione \u00e8 quella di mettere a disposizione le proprie esperienze imprenditoriali per supportare nuove imprese sviluppate da gruppi socialmente esclusi.<\/p>\n<p>Sito web: <a href=%22http:\/\/www.cvalores.org\/%22 data-et-target-link=%22_blank%22 rel=%22noopener%22>www.cvalores.org<br \/><\/a><\/p>\n<p>&#8220;][\/lwp_divi_flipbox][\/et_pb_column][\/et_pb_row][et_pb_row column_structure=&#8221;1_2,1_2&#8243; _builder_version=&#8221;4.27.4&#8243; _module_preset=&#8221;default&#8221; global_colors_info=&#8221;{}&#8221;][et_pb_column type=&#8221;1_2&#8243; _builder_version=&#8221;4.27.4&#8243; _module_preset=&#8221;default&#8221; global_colors_info=&#8221;{}&#8221;][lwp_divi_flipbox front_title=&#8221;Malta Vocational ltd  &#8221; front_body=&#8221;<\/p>\n<p>Malta<\/p>\n<p>&#8221; front_src=&#8221;https:\/\/deal4good.eu\/wp-content\/uploads\/2025\/03\/malta-vocational-logo.png&#8221; front_background_color=&#8221;#FFFFFF&#8221; back_background_color=&#8221;#EDEDED&#8221; _builder_version=&#8221;4.27.4&#8243; _module_preset=&#8221;default&#8221; header-front_level=&#8221;h2&#8243; header-front_font=&#8221;|||on|||||&#8221; header-front_text_align=&#8221;center&#8221; header-front_text_color=&#8221;#3D3D3D&#8221; header-front_font_size=&#8221;18px&#8221; header-front_letter_spacing=&#8221;2px&#8221; front-body_font=&#8221;|600|||||||&#8221; front-body_text_align=&#8221;center&#8221; front-body_text_color=&#8221;#006C55&#8243; front-body_font_size=&#8221;16px&#8221; back-body_text_color=&#8221;#3D3D3D&#8221; width=&#8221;100%&#8221; max_width=&#8221;1200px&#8221; module_alignment=&#8221;center&#8221; link_option_url=&#8221;https:\/\/maltavocational.com\/&#8221; link_option_url_new_window=&#8221;on&#8221; hover_enabled=&#8221;0&#8243; box_shadow_style=&#8221;preset1&#8243; box_shadow_color=&#8221;#3D3D3D&#8221; global_colors_info=&#8221;{}&#8221; back_body=&#8221;<\/p>\n<p>Malta Vocational \u00e8 impegnata nella formazione professionale e in progetti di mobilit\u00e0 europea, con particolare attenzione sia alla formazione professionale iniziale sia ai processi di apprendimento permanente. Malta Vocational si dedica alla formazione delle persone nell\u2019ambito dell\u2019IFP attraverso progetti nazionali e internazionali gestiti su scala europea.<\/p>\n<p>Sito web: <a href=%22https:\/\/maltavocational.com\/%22 data-et-target-link=%22_blank%22 rel=%22noopener%22>www.maltavocational.com<br \/><\/a><\/p>\n<p>&#8221; sticky_enabled=&#8221;0&#8243;][\/lwp_divi_flipbox][\/et_pb_column][et_pb_column type=&#8221;1_2&#8243; _builder_version=&#8221;4.27.4&#8243; _module_preset=&#8221;default&#8221; global_colors_info=&#8221;{}&#8221;][lwp_divi_flipbox front_title=&#8221;Asociatia Institutul pentru Parteneriat Social Bucovina  &#8221; front_body=&#8221;<\/p>\n<p>Romania<\/p>\n<p>&#8221; front_src=&#8221;https:\/\/deal4good.eu\/wp-content\/uploads\/2025\/03\/bucovina-institute-logo.png&#8221; front_background_color=&#8221;#FFFFFF&#8221; back_background_color=&#8221;#EDEDED&#8221; _builder_version=&#8221;4.27.4&#8243; _module_preset=&#8221;default&#8221; header-front_level=&#8221;h2&#8243; header-front_font=&#8221;|||on|||||&#8221; header-front_text_align=&#8221;center&#8221; header-front_text_color=&#8221;#3D3D3D&#8221; header-front_font_size=&#8221;18px&#8221; header-front_letter_spacing=&#8221;2px&#8221; header-front_line_height=&#8221;1.4em&#8221; front-body_font=&#8221;|600|||||||&#8221; front-body_text_align=&#8221;center&#8221; front-body_text_color=&#8221;#006C55&#8243; front-body_font_size=&#8221;16px&#8221; back-body_text_color=&#8221;#3D3D3D&#8221; width=&#8221;100%&#8221; max_width=&#8221;1200px&#8221; module_alignment=&#8221;center&#8221; link_option_url=&#8221;https:\/\/bucovinainstitute.org\/&#8221; link_option_url_new_window=&#8221;on&#8221; hover_enabled=&#8221;0&#8243; box_shadow_style=&#8221;preset1&#8243; box_shadow_color=&#8221;#3D3D3D&#8221; global_colors_info=&#8221;{}&#8221; back_body=&#8221;<\/p>\n<p>Asocia\u021bia Institutul pentru Parteneriat Social Bucovina \u00e8 un\u2019organizzazione non profit fondata nel 2011, con l\u2019obiettivo di sostenere lo sviluppo sostenibile delle comunit\u00e0 della Regione Nord-Est della Romania, della Regione Sud-Ovest dell\u2019Ucraina e dell\u2019intera Repubblica di Moldavia attraverso progetti di partenariato educativo e l\u2019organizzazione di programmi di formazione continua per adulti.<\/p>\n<p>Sito web: <a href=%22https:\/\/bucovinainstitute.org\/%22 data-et-target-link=%22_blank%22 rel=%22noopener%22>www.bucovinainstitute.org<br \/><\/a><\/p>\n<p>&#8221; sticky_enabled=&#8221;0&#8243;][\/lwp_divi_flipbox][\/et_pb_column][\/et_pb_row][et_pb_row column_structure=&#8221;1_2,1_2&#8243; _builder_version=&#8221;4.27.4&#8243; _module_preset=&#8221;default&#8221; global_colors_info=&#8221;{}&#8221;][et_pb_column type=&#8221;1_2&#8243; _builder_version=&#8221;4.27.4&#8243; _module_preset=&#8221;default&#8221; global_colors_info=&#8221;{}&#8221;][lwp_divi_flipbox front_title=&#8221;Chamber of Commerce and Industry Vratsa Sdruzhenie  &#8221; front_body=&#8221;<\/p>\n<p>Bulgaria<\/p>\n<p>&#8221; front_src=&#8221;https:\/\/deal4good.eu\/wp-content\/uploads\/2025\/03\/CCI-logo.png&#8221; front_background_color=&#8221;#FFFFFF&#8221; back_background_color=&#8221;#EDEDED&#8221; _builder_version=&#8221;4.27.4&#8243; _module_preset=&#8221;default&#8221; header-front_level=&#8221;h2&#8243; header-front_font=&#8221;|||on|||||&#8221; header-front_text_align=&#8221;center&#8221; header-front_text_color=&#8221;#3D3D3D&#8221; header-front_font_size=&#8221;18px&#8221; header-front_letter_spacing=&#8221;2px&#8221; header-front_line_height=&#8221;1.4em&#8221; front-body_font=&#8221;|600|||||||&#8221; front-body_text_align=&#8221;center&#8221; front-body_text_color=&#8221;#006C55&#8243; front-body_font_size=&#8221;16px&#8221; back-body_text_color=&#8221;#3D3D3D&#8221; width=&#8221;100%&#8221; max_width=&#8221;1200px&#8221; module_alignment=&#8221;center&#8221; link_option_url=&#8221;https:\/\/www.cci-vratsa.org\/en\/home&#8221; link_option_url_new_window=&#8221;on&#8221; hover_enabled=&#8221;0&#8243; box_shadow_style=&#8221;preset1&#8243; box_shadow_color=&#8221;#3D3D3D&#8221; global_colors_info=&#8221;{}&#8221; back_body=&#8221;<\/p>\n<p>La Camera di Commercio e Industria Vratsa Sdruzhenie si basa sui principi della partecipazione e dell\u2019adesione volontaria, dell\u2019autonomia e dell\u2019autofinanziamento. La Camera lavora in stretta collaborazione con le autorit\u00e0 nazionali, regionali e locali, nonch\u00e9 con altre organizzazioni non governative, PMI, enti accademici e di ricerca. La Camera fa parte della Rete Bulgara per il Trasferimento Tecnologico.<\/p>\n<p>Sito web: <a href=%22https:\/\/www.cci-vratsa.org\/en\/home%22 data-et-target-link=%22_blank%22 rel=%22noopener%22>www.cci-vratsa.org<br \/><\/a><\/p>\n<p>&#8221; sticky_enabled=&#8221;0&#8243;][\/lwp_divi_flipbox][\/et_pb_column][et_pb_column type=&#8221;1_2&#8243; _builder_version=&#8221;4.27.4&#8243; _module_preset=&#8221;default&#8221; global_colors_info=&#8221;{}&#8221;][lwp_divi_flipbox front_title=&#8221;TPCT Consulting &#038; Events Ltd  &#8221; front_body=&#8221;<\/p>\n<p>Cipro<\/p>\n<p>&#8221; front_src=&#8221;https:\/\/deal4good.eu\/wp-content\/uploads\/2025\/03\/TPCT-logo.png&#8221; front_background_color=&#8221;#FFFFFF&#8221; back_background_color=&#8221;#EDEDED&#8221; _builder_version=&#8221;4.27.4&#8243; _module_preset=&#8221;default&#8221; header-front_level=&#8221;h2&#8243; header-front_font=&#8221;|||on|||||&#8221; header-front_text_align=&#8221;center&#8221; header-front_text_color=&#8221;#3D3D3D&#8221; header-front_font_size=&#8221;18px&#8221; header-front_letter_spacing=&#8221;2px&#8221; header-front_line_height=&#8221;1.4em&#8221; front-body_font=&#8221;|600|||||||&#8221; front-body_text_align=&#8221;center&#8221; front-body_text_color=&#8221;#006C55&#8243; front-body_font_size=&#8221;16px&#8221; back-body_text_color=&#8221;#3D3D3D&#8221; width=&#8221;100%&#8221; max_width=&#8221;1200px&#8221; module_alignment=&#8221;center&#8221; link_option_url=&#8221;https:\/\/www.tpct.eu\/&#8221; link_option_url_new_window=&#8221;on&#8221; hover_enabled=&#8221;0&#8243; box_shadow_style=&#8221;preset1&#8243; box_shadow_color=&#8221;#3D3D3D&#8221; global_colors_info=&#8221;{}&#8221; sticky_enabled=&#8221;0&#8243; back_body=&#8221;<\/p>\n<p>TPCT \u00e8 stata fondata nel 2014 a Cipro da un team di professionisti del business, ingegneri e ricercatori, unendo competenze tecnologiche e manageriali. La loro missione \u00e8 affrontare in modo ottimale le sfide del mercato europeo e globale attraverso attivit\u00e0 all\u2019avanguardia di Ricerca &amp; Innovazione, andando oltre le soluzioni tecnologiche pi\u00f9 avanzate, e offrendo formazione e consulenza.<\/p>\n<p>Sito web: <a href=%22https:\/\/www.tpct.eu\/%22 data-et-target-link=%22_blank%22 rel=%22noopener%22>www.tpct.eu<br \/><\/a><\/p>\n<p>&#8220;][\/lwp_divi_flipbox][\/et_pb_column][\/et_pb_row][\/et_pb_section]<\/p>\n","protected":false},"excerpt":{"rendered":"<div class=\"et_pb_module lwp_divi_flipbox lwp_divi_flipbox_0 et_clickable\">\n\t\t\t\t\n\t\t\t\t\n\t\t\t\t\n\t\t\t\t\n\t\t\t\t\n\t\t\t\t\n\t\t\t\t<div class=\"et_pb_module_inner\">\n\t\t\t\t\t<div class=\"flip_box flip_right \">\n\t\t\t<div class=\"flip_box_inner\">\n\t\t\t\t<div class=\"flip_box_front flip_card\">\n\t\t\t\t\t<span class=\"image_wrap\"><img decoding=\"async\" src=\"&#8221;https:\/\/deal4good.eu\/wp-content\/uploads\/2025\/03\/ECSF-logo.png&#8221;\"\/><\/span>\n\t\t\t\t\t<&#8221;h2&#8243; class=\"front_title\">&#8221;European<\/&#8221;h2&#8243;>\n\t\t\t\t\t<div class=\"front_body\">\u201dGermania\u201d<\/div>\n\t\t\t\t<\/div>\n\t\t\t\t<div class=\"flip_box_back flip_card\">\n\t\t\t\t\t<span class=\"image_wrap\"><img decoding=\"async\" src=\"\"\/><\/span>\n\t\t\t\t\t\n\t\t\t\t\t<div class=\"back_body\">\u201dIl<\/div>\n\t\t\t\t\t\n\t\t\t\t<\/div>\n\t\t\t<\/div>\n\t\t<\/div>\n\t\t\t\t<\/div>\n\t\t\t<\/div>\n","protected":false},"author":1,"featured_media":0,"parent":0,"menu_order":0,"comment_status":"closed","ping_status":"closed","template":"","meta":{"_acf_changed":false,"_et_pb_use_builder":"on","_et_pb_old_content":"","_et_gb_content_width":"","footnotes":""},"class_list":["post-830","page","type-page","status-publish","hentry"],"acf":[],"_links":{"self":[{"href":"https:\/\/deal4good.eu\/it\/wp-json\/wp\/v2\/pages\/830","targetHints":{"allow":["GET"]}}],"collection":[{"href":"https:\/\/deal4good.eu\/it\/wp-json\/wp\/v2\/pages"}],"about":[{"href":"https:\/\/deal4good.eu\/it\/wp-json\/wp\/v2\/types\/page"}],"author":[{"embeddable":true,"href":"https:\/\/deal4good.eu\/it\/wp-json\/wp\/v2\/users\/1"}],"replies":[{"embeddable":true,"href":"https:\/\/deal4good.eu\/it\/wp-json\/wp\/v2\/comments?post=830"}],"version-history":[{"count":3,"href":"https:\/\/deal4good.eu\/it\/wp-json\/wp\/v2\/pages\/830\/revisions"}],"predecessor-version":[{"id":837,"href":"https:\/\/deal4good.eu\/it\/wp-json\/wp\/v2\/pages\/830\/revisions\/837"}],"wp:attachment":[{"href":"https:\/\/deal4good.eu\/it\/wp-json\/wp\/v2\/media?parent=830"}],"curies":[{"name":"wp","href":"https:\/\/api.w.org\/{rel}","templated":true}]}}