{"id":934,"date":"2025-02-27T00:33:25","date_gmt":"2025-02-27T00:33:25","guid":{"rendered":"https:\/\/deal4good.eu\/acerca"},"modified":"2025-08-26T07:34:08","modified_gmt":"2025-08-26T07:34:08","slug":"acerca","status":"publish","type":"page","link":"https:\/\/deal4good.eu\/es\/acerca","title":{"rendered":"Acerca"},"content":{"rendered":"<p>[et_pb_section fb_built=\u00bb1&#8243; next_background_color=\u00bb#ffffff\u00bb _builder_version=\u00bb4.27.4&#8243; _module_preset=\u00bbdefault\u00bb background_enable_color=\u00bboff\u00bb use_background_color_gradient=\u00bbon\u00bb background_color_gradient_direction=\u00bb83deg\u00bb background_color_gradient_stops=\u00bb#004ba3 40%|#006c55 72%\u00bb height=\u00bb250px\u00bb height_tablet=\u00bb230px\u00bb height_phone=\u00bb210px\u00bb height_last_edited=\u00bbon|phone\u00bb bottom_divider_style=\u00bbtriangle\u00bb bottom_divider_height=\u00bb30px\u00bb bottom_divider_flip=\u00bbvertical\u00bb global_colors_info=\u00bb{}\u00bb][et_pb_row _builder_version=\u00bb4.27.4&#8243; _module_preset=\u00bbdefault\u00bb global_colors_info=\u00bb{}\u00bb][et_pb_column type=\u00bb4_4&#8243; _builder_version=\u00bb4.27.4&#8243; _module_preset=\u00bbdefault\u00bb global_colors_info=\u00bb{}\u00bb][et_pb_heading title=\u00bbAcerca\u00bb _builder_version=\u00bb4.27.4&#8243; _module_preset=\u00bbdefault\u00bb title_text_align=\u00bbcenter\u00bb title_text_color=\u00bb#FFFFFF\u00bb title_font_size=\u00bb42px\u00bb title_font_size_tablet=\u00bb36px\u00bb title_font_size_phone=\u00bb28px\u00bb title_font_size_last_edited=\u00bbon|phone\u00bb global_colors_info=\u00bb{}\u00bb][\/et_pb_heading][\/et_pb_column][\/et_pb_row][\/et_pb_section][et_pb_section fb_built=\u00bb1&#8243; admin_label=\u00bbAbout\u00bb _builder_version=\u00bb4.27.4&#8243; _module_preset=\u00bbdefault\u00bb hover_enabled=\u00bb0&#8243; collapsed=\u00bbon\u00bb global_colors_info=\u00bb{}\u00bb custom_margin=\u00bb-1px||||false|false\u00bb sticky_enabled=\u00bb0&#8243;][et_pb_row _builder_version=\u00bb4.27.4&#8243; _module_preset=\u00bbdefault\u00bb max_width=\u00bb1800px\u00bb global_colors_info=\u00bb{}\u00bb][et_pb_column type=\u00bb4_4&#8243; _builder_version=\u00bb4.22.0&#8243; _module_preset=\u00bbdefault\u00bb global_colors_info=\u00bb{}\u00bb][et_pb_text _builder_version=\u00bb4.27.4&#8243; _module_preset=\u00bb_initial\u00bb header_2_text_align=\u00bbcenter\u00bb header_2_font_size=\u00bb36px\u00bb header_2_line_height=\u00bb1.2em\u00bb header_3_font=\u00bbInter|700|||||||\u00bb header_3_font_size=\u00bb30px\u00bb header_3_line_height=\u00bb1.4em\u00bb custom_margin=\u00bb||10px||false|false\u00bb header_3_font_size_tablet=\u00bb20px\u00bb header_3_font_size_phone=\u00bb16px\u00bb header_3_font_size_last_edited=\u00bbon|desktop\u00bb global_colors_info=\u00bb{}\u00bb]<\/p>\n<h2>El desaf\u00edo <\/h2>\n<p>[\/et_pb_text][et_pb_text _builder_version=\u00bb4.27.4&#8243; _module_preset=\u00bb_initial\u00bb text_font=\u00bb||||||||\u00bb text_font_size=\u00bb16px\u00bb text_line_height=\u00bb1.8em\u00bb link_font=\u00bb||||on||||\u00bb text_orientation=\u00bbcenter\u00bb max_width=\u00bb800px\u00bb module_alignment=\u00bbcenter\u00bb text_font_size_tablet=\u00bb15px\u00bb text_font_size_phone=\u00bb14px\u00bb text_font_size_last_edited=\u00bbon|desktop\u00bb global_colors_info=\u00bb{}\u00bb]Los desaf\u00edos relacionados con el proyecto Deal4Good incluyen la disponibilidad limitada de profesionales especializados en Compras P\u00fablicas Sociales (CPS), la falta de programas de Formaci\u00f3n Profesional (VET) completos que equipen a los graduados con los conocimientos y habilidades necesarios para apoyar a las empresas sociales en la navegaci\u00f3n de oportunidades de CPS, y los distintos niveles de desarrollo de la CPS en los pa\u00edses europeos, lo que genera disparidades en el apoyo disponible para las empresas sociales.[\/et_pb_text][\/et_pb_column][\/et_pb_row][et_pb_row _builder_version=\u00bb4.24.0&#8243; _module_preset=\u00bbdefault\u00bb max_width=\u00bb1800px\u00bb custom_margin=\u00bb|auto|3px|auto||\u00bb global_colors_info=\u00bb{}\u00bb][et_pb_column type=\u00bb4_4&#8243; _builder_version=\u00bb4.22.0&#8243; _module_preset=\u00bbdefault\u00bb global_colors_info=\u00bb{}\u00bb][et_pb_image src=\u00bbhttps:\/\/deal4good.eu\/wp-content\/uploads\/2025\/03\/about-deal4good.jpg\u00bb title_text=\u00bbabout-deal4good\u00bb align=\u00bbcenter\u00bb _builder_version=\u00bb4.27.4&#8243; _module_preset=\u00bbdefault\u00bb width=\u00bb60%\u00bb custom_margin=\u00bb||||false|false\u00bb custom_padding=\u00bb6%||6%||true|false\u00bb scroll_scaling_enable=\u00bbon\u00bb scroll_scaling=\u00bb0|100|100|100|90%|100|100&#8243; border_radii=\u00bbon|1000px|1000px|1000px|1000px\u00bb global_colors_info=\u00bb{}\u00bb][\/et_pb_image][et_pb_image src=\u00bbhttps:\/\/deal4good.eu\/wp-content\/uploads\/2025\/03\/illustration-01@2x.png\u00bb title_text=\u00bbillustration-01@2x\u00bb _builder_version=\u00bb4.24.0&#8243; _module_preset=\u00bbdefault\u00bb transform_translate=\u00bb100%|0px\u00bb transform_translate_linked=\u00bboff\u00bb positioning=\u00bbabsolute\u00bb width=\u00bb10%\u00bb filter_opacity=\u00bb50%\u00bb scroll_rotating_enable=\u00bbon\u00bb scroll_rotating=\u00bb0|50|50|100|40\u00b0|0|-40\u00b0\u00bb global_colors_info=\u00bb{}\u00bb][\/et_pb_image][et_pb_image src=\u00bbhttps:\/\/deal4good.eu\/wp-content\/uploads\/2025\/03\/about.png\u00bb title_text=\u00bbabout\u00bb _builder_version=\u00bb4.27.4&#8243; _module_preset=\u00bbdefault\u00bb positioning=\u00bbabsolute\u00bb position_origin_a=\u00bbbottom_left\u00bb position_origin_a_last_edited=\u00bboff|tablet\u00bb position_origin_f_last_edited=\u00bboff|tablet\u00bb position_origin_r_last_edited=\u00bboff|tablet\u00bb width=\u00bb20%\u00bb scroll_fade_enable=\u00bbon\u00bb positioning_last_edited=\u00bboff|tablet\u00bb border_radii=\u00bbon|1000px|1000px|1000px|1000px\u00bb global_colors_info=\u00bb{}\u00bb][\/et_pb_image][et_pb_image src=\u00bbhttps:\/\/deal4good.eu\/wp-content\/uploads\/2025\/03\/about-d4g.jpg\u00bb title_text=\u00bbabout-d4g\u00bb _builder_version=\u00bb4.27.4&#8243; _module_preset=\u00bbdefault\u00bb positioning=\u00bbabsolute\u00bb position_origin_a=\u00bbtop_right\u00bb width=\u00bb12%\u00bb filter_opacity=\u00bb66%\u00bb scroll_blur_enable=\u00bbon\u00bb border_radii=\u00bbon|1vw|1vw|1vw|1vw\u00bb global_colors_info=\u00bb{}\u00bb][\/et_pb_image][et_pb_image src=\u00bbhttps:\/\/deal4good.eu\/wp-content\/uploads\/2025\/03\/illustration-03.png\u00bb title_text=\u00bbillustration-03&#8243; align_last_edited=\u00bboff|desktop\u00bb _builder_version=\u00bb4.24.0&#8243; _module_preset=\u00bbdefault\u00bb positioning=\u00bbabsolute\u00bb position_origin_a=\u00bbbottom_right\u00bb position_origin_a_last_edited=\u00bboff|tablet\u00bb position_origin_f_last_edited=\u00bboff|tablet\u00bb position_origin_r_last_edited=\u00bboff|tablet\u00bb width=\u00bb18%\u00bb scroll_rotating_enable=\u00bbon\u00bb scroll_rotating=\u00bb0|50|50|100|-30\u00b0|0|30\u00b0\u00bb positioning_last_edited=\u00bboff|tablet\u00bb global_colors_info=\u00bb{}\u00bb][\/et_pb_image][\/et_pb_column][\/et_pb_row][et_pb_row _builder_version=\u00bb4.27.4&#8243; _module_preset=\u00bbdefault\u00bb max_width=\u00bb1800px\u00bb global_colors_info=\u00bb{}\u00bb][et_pb_column type=\u00bb4_4&#8243; _builder_version=\u00bb4.22.0&#8243; _module_preset=\u00bbdefault\u00bb global_colors_info=\u00bb{}\u00bb][et_pb_text _builder_version=\u00bb4.27.4&#8243; _module_preset=\u00bb_initial\u00bb header_2_text_align=\u00bbcenter\u00bb header_2_font_size=\u00bb36px\u00bb header_2_line_height=\u00bb1.2em\u00bb header_3_font=\u00bbInter|700|||||||\u00bb header_3_font_size=\u00bb30px\u00bb header_3_line_height=\u00bb1.4em\u00bb custom_margin=\u00bb||10px||false|false\u00bb header_3_font_size_tablet=\u00bb20px\u00bb header_3_font_size_phone=\u00bb16px\u00bb header_3_font_size_last_edited=\u00bbon|desktop\u00bb global_colors_info=\u00bb{}\u00bb]<\/p>\n<h2>Nuestro objetivo<\/h2>\n<p>[\/et_pb_text][et_pb_text _builder_version=\u00bb4.27.4&#8243; _module_preset=\u00bb_initial\u00bb text_font=\u00bb||||||||\u00bb text_font_size=\u00bb16px\u00bb text_line_height=\u00bb1.8em\u00bb link_font=\u00bb||||on||||\u00bb text_orientation=\u00bbcenter\u00bb max_width=\u00bb800px\u00bb module_alignment=\u00bbcenter\u00bb text_font_size_tablet=\u00bb15px\u00bb text_font_size_phone=\u00bb14px\u00bb text_font_size_last_edited=\u00bbon|desktop\u00bb global_colors_info=\u00bb{}\u00bb]El objetivo del proyecto es dise\u00f1ar, pilotar y ofrecer un curr\u00edculo de vanguardia de \u201cExperto en Compras Sociales (SPE)\u201d que capacite a los profesionales para desbloquear el potencial de las empresas sociales mediante una participaci\u00f3n efectiva en la Compras P\u00fablicas Sociales.[\/et_pb_text][\/et_pb_column][\/et_pb_row][\/et_pb_section][et_pb_section fb_built=\u00bb1&#8243; admin_label=\u00bbServices\u00bb _builder_version=\u00bb4.27.4&#8243; _module_preset=\u00bbdefault\u00bb background_color=\u00bb#EDEDED\u00bb collapsed=\u00bbon\u00bb global_colors_info=\u00bb{}\u00bb][et_pb_row column_structure=\u00bb1_3,2_3&#8243; _builder_version=\u00bb4.27.4&#8243; _module_preset=\u00bbdefault\u00bb max_width=\u00bb1800px\u00bb global_colors_info=\u00bb{}\u00bb][et_pb_column type=\u00bb1_3&#8243; _builder_version=\u00bb4.22.0&#8243; _module_preset=\u00bbdefault\u00bb global_colors_info=\u00bb{}\u00bb][et_pb_text _builder_version=\u00bb4.27.4&#8243; _module_preset=\u00bb_initial\u00bb header_2_font_size=\u00bb36px\u00bb header_2_line_height=\u00bb1.2em\u00bb header_3_font=\u00bbInter|700|||||||\u00bb header_3_font_size=\u00bb30px\u00bb header_3_line_height=\u00bb1.4em\u00bb custom_margin=\u00bb||10px||false|false\u00bb header_3_font_size_tablet=\u00bb20px\u00bb header_3_font_size_phone=\u00bb16px\u00bb header_3_font_size_last_edited=\u00bbon|desktop\u00bb global_colors_info=\u00bb{}\u00bb]<\/p>\n<h2>Principales objetivos del proyecto <\/h2>\n<p>[\/et_pb_text][\/et_pb_column][et_pb_column type=\u00bb2_3&#8243; _builder_version=\u00bb4.22.0&#8243; _module_preset=\u00bbdefault\u00bb global_colors_info=\u00bb{}\u00bb][et_pb_text _builder_version=\u00bb4.27.4&#8243; _module_preset=\u00bb_initial\u00bb header_3_line_height=\u00bb1.3em\u00bb header_5_font=\u00bbInter|700|||||||\u00bb header_5_font_size=\u00bb20px\u00bb header_5_line_height=\u00bb1.4em\u00bb custom_margin=\u00bb||0px||false|false\u00bb header_5_font_size_tablet=\u00bb16px\u00bb header_5_font_size_phone=\u00bb14px\u00bb header_5_font_size_last_edited=\u00bbon|desktop\u00bb global_colors_info=\u00bb{}\u00bb]<\/p>\n<h3>Investigar las brechas de desarrollo de proveedores y compradores en el \u00e1mbito de la Compras P\u00fablicas Sociales:<\/h3>\n<p>[\/et_pb_text][et_pb_text _builder_version=\u00bb4.27.4&#8243; _module_preset=\u00bb_initial\u00bb text_font=\u00bb||||||||\u00bb text_line_height=\u00bb1.6em\u00bb global_colors_info=\u00bb{}\u00bb]Realizar investigaciones para identificar las brechas de conocimiento, capacidad y recursos que enfrentan tanto las empresas sociales como las autoridades p\u00fablicas en el contexto de la Compras P\u00fablicas Sociales.[\/et_pb_text][et_pb_text _builder_version=\u00bb4.27.4&#8243; _module_preset=\u00bb_initial\u00bb header_3_line_height=\u00bb1.3em\u00bb header_5_font=\u00bbInter|700|||||||\u00bb header_5_font_size=\u00bb20px\u00bb header_5_line_height=\u00bb1.4em\u00bb custom_margin=\u00bb||0px||false|false\u00bb header_5_font_size_tablet=\u00bb16px\u00bb header_5_font_size_phone=\u00bb14px\u00bb header_5_font_size_last_edited=\u00bbon|desktop\u00bb global_colors_info=\u00bb{}\u00bb]<\/p>\n<h3>Superar puntos de bloqueo mediante herramientas innovadoras de formaci\u00f3n profesional y aprendizaje: <\/h3>\n<p>[\/et_pb_text][et_pb_text _builder_version=\u00bb4.27.4&#8243; _module_preset=\u00bb_initial\u00bb text_font=\u00bb||||||||\u00bb text_line_height=\u00bb1.6em\u00bb global_colors_info=\u00bb{}\u00bb]Desarrollar y ofrecer un curr\u00edculo innovador de \u201cExperto en Compras Sociales (SPE)\u201d que aborde las necesidades identificadas, combinando instrucci\u00f3n en aula con experiencias pr\u00e1cticas de aprendizaje en el lugar de trabajo en colaboraci\u00f3n con empresas sociales y autoridades p\u00fablicas.[\/et_pb_text][et_pb_text _builder_version=\u00bb4.27.4&#8243; _module_preset=\u00bb_initial\u00bb header_3_line_height=\u00bb1.3em\u00bb header_5_font=\u00bbInter|700|||||||\u00bb header_5_font_size=\u00bb20px\u00bb header_5_line_height=\u00bb1.4em\u00bb custom_margin=\u00bb||0px||false|false\u00bb header_5_font_size_tablet=\u00bb16px\u00bb header_5_font_size_phone=\u00bb14px\u00bb header_5_font_size_last_edited=\u00bbon|desktop\u00bb global_colors_info=\u00bb{}\u00bb]<\/p>\n<h3>Garantizar la sostenibilidad de los resultados del proyecto a lo largo del tiempo: <\/h3>\n<p>[\/et_pb_text][et_pb_text _builder_version=\u00bb4.27.4&#8243; _module_preset=\u00bb_initial\u00bb text_font=\u00bb||||||||\u00bb text_line_height=\u00bb1.6em\u00bb global_colors_info=\u00bb{}\u00bb]Desarrollar y difundir recursos valiosos, incluyendo un Manual para proveedores de VET, un MOOC para mayor accesibilidad, una herramienta digital para evaluar la preparaci\u00f3n de las empresas sociales, y documentos de pol\u00edticas para integrar los resultados del proyecto en las pol\u00edticas nacionales.[\/et_pb_text][\/et_pb_column][\/et_pb_row][\/et_pb_section]<\/p>\n","protected":false},"excerpt":{"rendered":"<p>El desaf\u00edo Los desaf\u00edos relacionados con el proyecto Deal4Good incluyen la disponibilidad limitada de profesionales especializados en Compras P\u00fablicas Sociales (CPS), la falta de programas de Formaci\u00f3n Profesional (VET) completos que equipen a los graduados con los conocimientos y habilidades necesarios para apoyar a las empresas sociales en la navegaci\u00f3n de oportunidades de CPS, y [&hellip;]<\/p>\n","protected":false},"author":1,"featured_media":0,"parent":0,"menu_order":0,"comment_status":"closed","ping_status":"closed","template":"","meta":{"_acf_changed":false,"_et_pb_use_builder":"on","_et_pb_old_content":"","_et_gb_content_width":"","footnotes":""},"class_list":["post-934","page","type-page","status-publish","hentry"],"acf":[],"_links":{"self":[{"href":"https:\/\/deal4good.eu\/es\/wp-json\/wp\/v2\/pages\/934","targetHints":{"allow":["GET"]}}],"collection":[{"href":"https:\/\/deal4good.eu\/es\/wp-json\/wp\/v2\/pages"}],"about":[{"href":"https:\/\/deal4good.eu\/es\/wp-json\/wp\/v2\/types\/page"}],"author":[{"embeddable":true,"href":"https:\/\/deal4good.eu\/es\/wp-json\/wp\/v2\/users\/1"}],"replies":[{"embeddable":true,"href":"https:\/\/deal4good.eu\/es\/wp-json\/wp\/v2\/comments?post=934"}],"version-history":[{"count":2,"href":"https:\/\/deal4good.eu\/es\/wp-json\/wp\/v2\/pages\/934\/revisions"}],"predecessor-version":[{"id":936,"href":"https:\/\/deal4good.eu\/es\/wp-json\/wp\/v2\/pages\/934\/revisions\/936"}],"wp:attachment":[{"href":"https:\/\/deal4good.eu\/es\/wp-json\/wp\/v2\/media?parent=934"}],"curies":[{"name":"wp","href":"https:\/\/api.w.org\/{rel}","templated":true}]}}