{"id":929,"date":"2025-02-24T09:23:50","date_gmt":"2025-02-24T09:23:50","guid":{"rendered":"https:\/\/deal4good.eu\/politica-de-privacidad"},"modified":"2025-08-26T07:25:24","modified_gmt":"2025-08-26T07:25:24","slug":"politica-de-privacidad","status":"publish","type":"page","link":"https:\/\/deal4good.eu\/es\/politica-de-privacidad","title":{"rendered":"Pol\u00edtica de Privacidad"},"content":{"rendered":"<p>[et_pb_section fb_built=\u00bb1&#8243; admin_label=\u00bbsection\u00bb _builder_version=\u00bb4.16&#8243; global_colors_info=\u00bb{}\u00bb][et_pb_row admin_label=\u00bbrow\u00bb _builder_version=\u00bb4.16&#8243; background_size=\u00bbinitial\u00bb background_position=\u00bbtop_left\u00bb background_repeat=\u00bbrepeat\u00bb global_colors_info=\u00bb{}\u00bb][et_pb_column type=\u00bb4_4&#8243; _builder_version=\u00bb4.16&#8243; custom_padding=\u00bb|||\u00bb global_colors_info=\u00bb{}\u00bb custom_padding__hover=\u00bb|||\u00bb][et_pb_text admin_label=\u00bbText\u00bb _builder_version=\u00bb4.27.4&#8243; background_size=\u00bbinitial\u00bb background_position=\u00bbtop_left\u00bb background_repeat=\u00bbrepeat\u00bb hover_enabled=\u00bb0&#8243; global_colors_info=\u00bb{}\u00bb sticky_enabled=\u00bb0&#8243; header_font=\u00bb|600|||||||\u00bb header_text_align=\u00bbcenter\u00bb]<\/p>\n<h1>Pol\u00edtica de Privacidad<\/h1>\n<p>Esta p\u00e1gina describe c\u00f3mo este sitio web, Deal4Good, recopila, utiliza, mantiene y protege cualquier informaci\u00f3n obtenida mediante la instalaci\u00f3n de herramientas de an\u00e1lisis, pr\u00e1cticas de publicidad y el formulario de contacto del sitio web. Nos comprometemos a garantizar que su privacidad est\u00e9 protegida y que sus datos personales se manejen de manera segura de acuerdo con el Reglamento General de Protecci\u00f3n de Datos (RGPD).<\/p>\n<h2>Informaci\u00f3n que Recopilamos<\/h2>\n<p>Podemos recopilar la siguiente informaci\u00f3n:<br \/>\u2013 Informaci\u00f3n personal, como nombre, direcci\u00f3n de correo electr\u00f3nico, n\u00famero de tel\u00e9fono y otros datos proporcionados a trav\u00e9s de nuestro formulario de contacto del sitio web. \u2013 Datos de uso mediante Google Analytics 4, que pueden incluir direcciones IP, informaci\u00f3n del navegador, informaci\u00f3n del dispositivo, ubicaci\u00f3n e interacciones en el sitio web.<\/p>\n<h2>C\u00f3mo Utilizamos la Informaci\u00f3n Recopilada<\/h2>\n<p>Utilizamos la informaci\u00f3n recopilada con los siguientes fines:<br \/>\n\u2013 Para responder a consultas y proporcionar informaci\u00f3n solicitada a trav\u00e9s del formulario de contacto del sitio web.<br \/>\n\u2013 Para mejorar nuestro sitio web y servicios mediante el an\u00e1lisis de tendencias, preferencias de los usuarios e interacciones a trav\u00e9s de Google Analytics 4.<br \/>\n\u2013 Para personalizar la experiencia del usuario y adaptar nuestros servicios para satisfacer mejor las necesidades individuales. \u2013 Para fines de comunicaci\u00f3n, incluyendo boletines informativos y otras estrategias de comunicaci\u00f3n.<\/p>\n<h2>Suscripci\u00f3n al Bolet\u00edn<\/h2>\n<p>Tenga en cuenta que al suscribirse, confirma que ha le\u00eddo nuestra Pol\u00edtica de Privacidad y da su consentimiento expl\u00edcito a los socios del proyecto Deal4Good para la recopilaci\u00f3n y el uso de sus datos personales y la informaci\u00f3n proporcionada. La recopilaci\u00f3n de informaci\u00f3n personal tiene como \u00fanico prop\u00f3sito la implementaci\u00f3n\/gesti\u00f3n del proyecto Deal4Good. El proyecto Deal4Good se compromete a respetar y proteger la privacidad de los datos personales recopilados. Los socios del proyecto consideran sus datos personales como informaci\u00f3n confidencial y nunca los comunicar\u00e1n a terceros. Deal4Good procesa sus datos personales estrictamente de acuerdo con el Reglamento (UE) N.\u00ba 2016\/679 del 27 de abril de 2016. Adem\u00e1s, tenga en cuenta que acepta y consiente autom\u00e1ticamente recibir material de comunicaci\u00f3n electr\u00f3nica relacionado con el proyecto Deal4Good.<\/p>\n<h2>Seguridad de los Datos<\/h2>\n<p>Nos comprometemos a garantizar que su informaci\u00f3n est\u00e9 segura. Hemos implementado procedimientos f\u00edsicos, electr\u00f3nicos y administrativos adecuados para salvaguardar y proteger la informaci\u00f3n que recopilamos en l\u00ednea.<\/p>\n<h2>Divulgaci\u00f3n a Terceros<\/h2>\n<p>Sus datos, si es necesario, se transferir\u00e1n a los socios de Deal4Good para comunicaciones relevantes. No vendemos ni intercambiamos su informaci\u00f3n personal con terceros a menos que tengamos su consentimiento expl\u00edcito o estemos legalmente obligados a hacerlo. <\/p>\n<h2>Cookies y Tecnolog\u00edas de Seguimiento<\/h2>\n<p>Nuestro sitio web puede usar cookies y tecnolog\u00edas de seguimiento similares para mejorar la experiencia del usuario. Al usar nuestro sitio web, usted consiente el uso de cookies de acuerdo con nuestra Pol\u00edtica de Cookies.<\/p>\n<h2>Sus Derechos<\/h2>\n<p>Usted tiene derecho a:<br \/>\n\u2013 Solicitar acceso y rectificaci\u00f3n de sus datos personales en nuestro poder.<br \/>\n\u2013 Solicitar la eliminaci\u00f3n de sus datos personales en determinadas circunstancias.<br \/>\n\u2013 Oponerse al procesamiento de sus datos personales.<br \/>\n\u2013 Retirar el consentimiento para el procesamiento de datos personales cuando el consentimiento sea nuestra base legal para dicho procesamiento.<\/p>\n<h2>Cambios en Esta Pol\u00edtica de Privacidad<\/h2>\n<p>Nos reservamos el derecho de actualizar o modificar esta Pol\u00edtica de Privacidad en cualquier momento. Cualquier cambio se reflejar\u00e1 en esta p\u00e1gina y se le recomienda revisar esta pol\u00edtica peri\u00f3dicamente.<\/p>\n<h2>Cont\u00e1ctenos<\/h2>\n<p>Si tiene alguna pregunta o inquietud sobre esta Pol\u00edtica de Privacidad o el manejo de sus datos personales, cont\u00e1ctenos a trav\u00e9s del formulario en nuestra p\u00e1gina de contacto.<\/p>\n<p>\u00daltima actualizaci\u00f3n: 20 de marzo de 2025[\/et_pb_text][\/et_pb_column][\/et_pb_row][\/et_pb_section]<\/p>\n","protected":false},"excerpt":{"rendered":"<p>Pol\u00edtica de Privacidad Esta p\u00e1gina describe c\u00f3mo este sitio web, Deal4Good, recopila, utiliza, mantiene y protege cualquier informaci\u00f3n obtenida mediante la instalaci\u00f3n de herramientas de an\u00e1lisis, pr\u00e1cticas de publicidad y el formulario de contacto del sitio web. Nos comprometemos a garantizar que su privacidad est\u00e9 protegida y que sus datos personales se manejen de manera [&hellip;]<\/p>\n","protected":false},"author":1,"featured_media":0,"parent":0,"menu_order":0,"comment_status":"closed","ping_status":"open","template":"","meta":{"_acf_changed":false,"_et_pb_use_builder":"on","_et_pb_old_content":"","_et_gb_content_width":"","footnotes":""},"class_list":["post-929","page","type-page","status-publish","hentry"],"acf":[],"_links":{"self":[{"href":"https:\/\/deal4good.eu\/es\/wp-json\/wp\/v2\/pages\/929","targetHints":{"allow":["GET"]}}],"collection":[{"href":"https:\/\/deal4good.eu\/es\/wp-json\/wp\/v2\/pages"}],"about":[{"href":"https:\/\/deal4good.eu\/es\/wp-json\/wp\/v2\/types\/page"}],"author":[{"embeddable":true,"href":"https:\/\/deal4good.eu\/es\/wp-json\/wp\/v2\/users\/1"}],"replies":[{"embeddable":true,"href":"https:\/\/deal4good.eu\/es\/wp-json\/wp\/v2\/comments?post=929"}],"version-history":[{"count":2,"href":"https:\/\/deal4good.eu\/es\/wp-json\/wp\/v2\/pages\/929\/revisions"}],"predecessor-version":[{"id":931,"href":"https:\/\/deal4good.eu\/es\/wp-json\/wp\/v2\/pages\/929\/revisions\/931"}],"wp:attachment":[{"href":"https:\/\/deal4good.eu\/es\/wp-json\/wp\/v2\/media?parent=929"}],"curies":[{"name":"wp","href":"https:\/\/api.w.org\/{rel}","templated":true}]}}