{"id":757,"date":"2025-03-02T23:15:44","date_gmt":"2025-03-02T23:15:44","guid":{"rendered":"https:\/\/deal4good.eu\/konsortium"},"modified":"2025-08-25T10:52:46","modified_gmt":"2025-08-25T10:52:46","slug":"konsortium","status":"publish","type":"page","link":"https:\/\/deal4good.eu\/de\/konsortium","title":{"rendered":"Konsortium"},"content":{"rendered":"<p>[et_pb_section fb_built=&#8220;1&#8243; next_background_color=&#8220;#ffffff&#8220; _builder_version=&#8220;4.27.4&#8243; _module_preset=&#8220;default&#8220; background_enable_color=&#8220;off&#8220; use_background_color_gradient=&#8220;on&#8220; background_color_gradient_direction=&#8220;83deg&#8220; background_color_gradient_stops=&#8220;#004ba3 40%|#006c55 72%&#8220; height=&#8220;250px&#8220; height_tablet=&#8220;230px&#8220; height_phone=&#8220;210px&#8220; height_last_edited=&#8220;on|phone&#8220; bottom_divider_style=&#8220;triangle&#8220; bottom_divider_height=&#8220;30px&#8220; bottom_divider_flip=&#8220;vertical&#8220; global_colors_info=&#8220;{}&#8220;][et_pb_row _builder_version=&#8220;4.27.4&#8243; _module_preset=&#8220;default&#8220; global_colors_info=&#8220;{}&#8220;][et_pb_column type=&#8220;4_4&#8243; _builder_version=&#8220;4.27.4&#8243; _module_preset=&#8220;default&#8220; global_colors_info=&#8220;{}&#8220;][et_pb_heading title=&#8220;Konsortium&#8220; _builder_version=&#8220;4.27.4&#8243; _module_preset=&#8220;default&#8220; title_text_align=&#8220;center&#8220; title_text_color=&#8220;#FFFFFF&#8220; title_font_size=&#8220;42px&#8220; title_font_size_tablet=&#8220;36px&#8220; title_font_size_phone=&#8220;28px&#8220; title_font_size_last_edited=&#8220;on|phone&#8220; global_colors_info=&#8220;{}&#8220;][\/et_pb_heading][\/et_pb_column][\/et_pb_row][\/et_pb_section][et_pb_section fb_built=&#8220;1&#8243; _builder_version=&#8220;4.27.4&#8243; _module_preset=&#8220;default&#8220; custom_margin=&#8220;-1px||||false|false&#8220; global_colors_info=&#8220;{}&#8220;][et_pb_row column_structure=&#8220;1_2,1_2&#8243; _builder_version=&#8220;4.27.4&#8243; _module_preset=&#8220;default&#8220; global_colors_info=&#8220;{}&#8220;][et_pb_column type=&#8220;1_2&#8243; _builder_version=&#8220;4.27.4&#8243; _module_preset=&#8220;default&#8220; global_colors_info=&#8220;{}&#8220;][lwp_divi_flipbox front_title=&#8220;European Center for Social Finance (Koordinator)&#8220; front_body=&#8220;Deutschland&#8220; front_src=&#8220;https:\/\/deal4good.eu\/wp-content\/uploads\/2025\/03\/ECSF-logo.png&#8220; front_background_color=&#8220;#FFFFFF&#8220; back_body=&#8220;<\/p>\n<p>Das Europ\u00e4ische Zentrum f\u00fcr Sozialfinanzierung (ECSF) mit Sitz an der Munich Business School wurde 2018 gegr\u00fcndet, um Best Practices zu f\u00f6rdern und Wissen \u00fcber die Finanzierung sozialer Dienstleistungen und Innovationen zu verbreiten. Das ECSF arbeitet an der Schnittstelle von Theorie, Praxis und Politik und versteht Sozialfinanzierung als einen umfassenden Prozess, der Auswahlkriterien, Finanzierungsstrukturen und Wirkungsbewertung einschlie\u00dft.<\/p>\n<p>Website: <a href=%22https:\/\/ecsocfin.com\/%22 data-et-target-link=%22_blank%22 rel=%22noopener%22>www.ecsocfin.com<br \/><\/a><\/p>\n<p>&#8220; back_background_color=&#8220;#EDEDED&#8220; _builder_version=&#8220;4.27.4&#8243; _module_preset=&#8220;default&#8220; header-front_level=&#8220;h2&#8243; header-front_font=&#8220;|||on|||||&#8220; header-front_text_align=&#8220;center&#8220; header-front_text_color=&#8220;#3D3D3D&#8220; header-front_font_size=&#8220;18px&#8220; header-front_letter_spacing=&#8220;2px&#8220; header-front_line_height=&#8220;1.4em&#8220; front-body_font=&#8220;|600|||||||&#8220; front-body_text_align=&#8220;center&#8220; front-body_text_color=&#8220;#006C55&#8243; front-body_font_size=&#8220;16px&#8220; back-body_text_color=&#8220;#3D3D3D&#8220; width=&#8220;100%&#8220; max_width=&#8220;1200px&#8220; module_alignment=&#8220;center&#8220; link_option_url=&#8220;https:\/\/ecsocfin.com\/&#8220; link_option_url_new_window=&#8220;on&#8220; box_shadow_style=&#8220;preset1&#8243; box_shadow_color=&#8220;#3D3D3D&#8220; global_colors_info=&#8220;{}&#8220;][\/lwp_divi_flipbox][\/et_pb_column][et_pb_column type=&#8220;1_2&#8243; _builder_version=&#8220;4.27.4&#8243; _module_preset=&#8220;default&#8220; global_colors_info=&#8220;{}&#8220;][lwp_divi_flipbox front_title=&#8220;Exeo Lab Srl  &#8220; front_body=&#8220;<\/p>\n<p>Italien<\/p>\n<p>&#8220; front_src=&#8220;https:\/\/deal4good.eu\/wp-content\/uploads\/2025\/03\/EXEO-logo.png&#8220; front_background_color=&#8220;#FFFFFF&#8220; back_body=&#8220;<\/p>\n<p>Exeo Lab ist ein multivalentes, flexibles junges Unternehmen, das eine von Nachhaltigkeit gepr\u00e4gte Gesellschaft anstrebt. Exeo Lab arbeitet daran zu zeigen, dass lokale Entwicklung der Schl\u00fcssel ist, um Projekte, F\u00e4higkeiten, Chancen und Netzwerke f\u00fcr das Wachstum von Gemeinschaften anzuziehen. Das Fachgebiet liegt in der Forschung und territorialen Analyse mithilfe innovativer Werkzeuge und Technologien, um die Politikgestaltung f\u00fcr die \u00f6ffentliche Verwaltung zu unterst\u00fctzen.<\/p>\n<p>Website: <a href=%22https:\/\/www.exeolab.it\/en\/%22 data-et-target-link=%22_blank%22 rel=%22noopener%22>www.exeolab.it<br \/><\/a><\/p>\n<p>&#8220; back_background_color=&#8220;#EDEDED&#8220; _builder_version=&#8220;4.27.4&#8243; _module_preset=&#8220;default&#8220; header-front_level=&#8220;h2&#8243; header-front_font=&#8220;|||on|||||&#8220; header-front_text_align=&#8220;center&#8220; header-front_text_color=&#8220;#3D3D3D&#8220; header-front_font_size=&#8220;18px&#8220; header-front_letter_spacing=&#8220;2px&#8220; front-body_font=&#8220;|600|||||||&#8220; front-body_text_align=&#8220;center&#8220; front-body_text_color=&#8220;#006C55&#8243; front-body_font_size=&#8220;16px&#8220; back-body_text_color=&#8220;#3D3D3D&#8220; width=&#8220;100%&#8220; max_width=&#8220;1200px&#8220; module_alignment=&#8220;center&#8220; link_option_url=&#8220;https:\/\/www.exeolab.it\/en\/&#8220; link_option_url_new_window=&#8220;on&#8220; hover_enabled=&#8220;0&#8243; box_shadow_style=&#8220;preset1&#8243; box_shadow_color=&#8220;#3D3D3D&#8220; global_colors_info=&#8220;{}&#8220; sticky_enabled=&#8220;0&#8243;][\/lwp_divi_flipbox][\/et_pb_column][\/et_pb_row][et_pb_row column_structure=&#8220;1_2,1_2&#8243; _builder_version=&#8220;4.27.4&#8243; _module_preset=&#8220;default&#8220; global_colors_info=&#8220;{}&#8220;][et_pb_column type=&#8220;1_2&#8243; _builder_version=&#8220;4.27.4&#8243; _module_preset=&#8220;default&#8220; global_colors_info=&#8220;{}&#8220;][lwp_divi_flipbox front_title=&#8220;University of West Attica  &#8220; front_body=&#8220;<\/p>\n<p>Griechenland<\/p>\n<p>&#8220; front_src=&#8220;https:\/\/deal4good.eu\/wp-content\/uploads\/2025\/03\/UniWA-logo.png&#8220; front_background_color=&#8220;#FFFFFF&#8220; back_body=&#8220;<\/p>\n<p>Die University of West Attica (UniWA) ist die drittgr\u00f6\u00dfte Universit\u00e4t Griechenlands, mit 27 Fachbereichen, die unter dem akademischen Dach von 6 Fakult\u00e4ten arbeiten. Die Kombination aus hochqualifizierten und erfahrenen Mitarbeitenden sowie der vorhandenen modernen Infrastruktur erm\u00f6glicht es UniWA, ein breites Spektrum an Bildungs- und lebenslangen Lernangeboten bereitzustellen. Sie ist die erste \u201eGr\u00fcne Universit\u00e4t\u201c in Griechenland.<\/p>\n<p>Website: <a href=%22https:\/\/www.uniwa.gr\/en\/%22 data-et-target-link=%22_blank%22 rel=%22noopener%22>www.uniwa.gr<br \/><\/a><\/p>\n<p>&#8220; back_background_color=&#8220;#EDEDED&#8220; _builder_version=&#8220;4.27.4&#8243; _module_preset=&#8220;default&#8220; header-front_level=&#8220;h2&#8243; header-front_font=&#8220;|||on|||||&#8220; header-front_text_align=&#8220;center&#8220; header-front_text_color=&#8220;#3D3D3D&#8220; header-front_font_size=&#8220;18px&#8220; header-front_letter_spacing=&#8220;2px&#8220; front-body_font=&#8220;|600|||||||&#8220; front-body_text_align=&#8220;center&#8220; front-body_text_color=&#8220;#006C55&#8243; front-body_font_size=&#8220;16px&#8220; back-body_text_color=&#8220;#3D3D3D&#8220; width=&#8220;100%&#8220; max_width=&#8220;1200px&#8220; module_alignment=&#8220;center&#8220; link_option_url=&#8220;https:\/\/www.uniwa.gr\/en\/&#8220; link_option_url_new_window=&#8220;on&#8220; box_shadow_style=&#8220;preset1&#8243; box_shadow_color=&#8220;#3D3D3D&#8220; global_colors_info=&#8220;{}&#8220;][\/lwp_divi_flipbox][\/et_pb_column][et_pb_column type=&#8220;1_2&#8243; _builder_version=&#8220;4.27.4&#8243; _module_preset=&#8220;default&#8220; global_colors_info=&#8220;{}&#8220;][lwp_divi_flipbox front_title=&#8220;Incubadora Con Valores  &#8220; front_body=&#8220;<\/p>\n<p>Spanien<\/p>\n<p>&#8220; front_src=&#8220;https:\/\/deal4good.eu\/wp-content\/uploads\/2025\/03\/convalores-logo.png&#8220; front_background_color=&#8220;#FFFFFF&#8220; back_body=&#8220;<\/p>\n<p>Incubadora Con Valores ist eine gemeinn\u00fctzige Organisation, die sich der beruflichen Wiedereingliederung und Initiativen der Sozialwirtschaft widmet. Sie schaffen Br\u00fccken zwischen der Wirtschafts- und der Sozialwelt, um einen inklusiven Ansatz zu f\u00f6rdern, der Unternehmertum f\u00fcr von Ausgrenzung bedrohte Menschen unterst\u00fctzt. Ihre Mission ist es, ihre Gesch\u00e4ftserfahrungen zu nutzen, um neue Unternehmen zu f\u00f6rdern, die von sozial ausgegrenzten Gruppen gegr\u00fcndet werden.<\/p>\n<p>Website: <a href=%22http:\/\/www.cvalores.org\/%22 data-et-target-link=%22_blank%22 rel=%22noopener%22>www.cvalores.org<br \/><\/a><\/p>\n<p>&#8220; back_background_color=&#8220;#EDEDED&#8220; _builder_version=&#8220;4.27.4&#8243; _module_preset=&#8220;default&#8220; header-front_level=&#8220;h2&#8243; header-front_font=&#8220;|||on|||||&#8220; header-front_text_align=&#8220;center&#8220; header-front_text_color=&#8220;#3D3D3D&#8220; header-front_font_size=&#8220;18px&#8220; header-front_letter_spacing=&#8220;2px&#8220; front-body_font=&#8220;|600|||||||&#8220; front-body_text_align=&#8220;center&#8220; front-body_text_color=&#8220;#006C55&#8243; front-body_font_size=&#8220;16px&#8220; back-body_text_color=&#8220;#3D3D3D&#8220; width=&#8220;100%&#8220; max_width=&#8220;1200px&#8220; module_alignment=&#8220;center&#8220; link_option_url=&#8220;http:\/\/www.cvalores.org\/&#8220; link_option_url_new_window=&#8220;on&#8220; box_shadow_style=&#8220;preset1&#8243; box_shadow_color=&#8220;#3D3D3D&#8220; global_colors_info=&#8220;{}&#8220;][\/lwp_divi_flipbox][\/et_pb_column][\/et_pb_row][et_pb_row column_structure=&#8220;1_2,1_2&#8243; _builder_version=&#8220;4.27.4&#8243; _module_preset=&#8220;default&#8220; global_colors_info=&#8220;{}&#8220;][et_pb_column type=&#8220;1_2&#8243; _builder_version=&#8220;4.27.4&#8243; _module_preset=&#8220;default&#8220; global_colors_info=&#8220;{}&#8220;][lwp_divi_flipbox front_title=&#8220;Malta Vocational ltd  &#8220; front_body=&#8220;<\/p>\n<p>Malta<\/p>\n<p>&#8220; front_src=&#8220;https:\/\/deal4good.eu\/wp-content\/uploads\/2025\/03\/malta-vocational-logo.png&#8220; front_background_color=&#8220;#FFFFFF&#8220; back_body=&#8220;<\/p>\n<p>Malta Vocational ist in der beruflichen Ausbildung und in europ\u00e4ischen Mobilit\u00e4tsprojekten t\u00e4tig, wobei besonderes Augenmerk sowohl auf die berufliche Erstausbildung als auch auf lebenslange Lernprozesse gelegt wird. Malta Vocational widmet sich der Ausbildung von Menschen im Bereich der Berufsbildung (VET) durch nationale und internationale Projekte, die auf europ\u00e4ischer Ebene durchgef\u00fchrt werden.<\/p>\n<p>Website: <a href=%22https:\/\/maltavocational.com\/%22 data-et-target-link=%22_blank%22 rel=%22noopener%22>www.maltavocational.com<br \/><\/a><\/p>\n<p>&#8220; back_background_color=&#8220;#EDEDED&#8220; _builder_version=&#8220;4.27.4&#8243; _module_preset=&#8220;default&#8220; header-front_level=&#8220;h2&#8243; header-front_font=&#8220;|||on|||||&#8220; header-front_text_align=&#8220;center&#8220; header-front_text_color=&#8220;#3D3D3D&#8220; header-front_font_size=&#8220;18px&#8220; header-front_letter_spacing=&#8220;2px&#8220; front-body_font=&#8220;|600|||||||&#8220; front-body_text_align=&#8220;center&#8220; front-body_text_color=&#8220;#006C55&#8243; front-body_font_size=&#8220;16px&#8220; back-body_text_color=&#8220;#3D3D3D&#8220; width=&#8220;100%&#8220; max_width=&#8220;1200px&#8220; module_alignment=&#8220;center&#8220; link_option_url=&#8220;https:\/\/maltavocational.com\/&#8220; link_option_url_new_window=&#8220;on&#8220; box_shadow_style=&#8220;preset1&#8243; box_shadow_color=&#8220;#3D3D3D&#8220; global_colors_info=&#8220;{}&#8220;][\/lwp_divi_flipbox][\/et_pb_column][et_pb_column type=&#8220;1_2&#8243; _builder_version=&#8220;4.27.4&#8243; _module_preset=&#8220;default&#8220; global_colors_info=&#8220;{}&#8220;][lwp_divi_flipbox front_title=&#8220;Asociatia Institutul pentru Parteneriat Social Bucovina  &#8220; front_body=&#8220;<\/p>\n<p>Rum\u00e4nien<\/p>\n<p>&#8220; front_src=&#8220;https:\/\/deal4good.eu\/wp-content\/uploads\/2025\/03\/bucovina-institute-logo.png&#8220; front_background_color=&#8220;#FFFFFF&#8220; back_body=&#8220;<\/p>\n<p>Asocia\u021bia Institutul pentru Parteneriat Social Bucovina ist eine gemeinn\u00fctzige Organisation, die 2011 gegr\u00fcndet wurde. Sie hat das Ziel, die nachhaltige Entwicklung von Gemeinden in der Nordostregion Rum\u00e4niens, der S\u00fcdwestregion der Ukraine und der gesamten Republik Moldau durch Lernpartnerschaftsprojekte und die Organisation kontinuierlicher Weiterbildungsprogramme f\u00fcr Erwachsene zu unterst\u00fctzen.<\/p>\n<p>Website: <a href=%22https:\/\/bucovinainstitute.org\/%22 data-et-target-link=%22_blank%22 rel=%22noopener%22>www.bucovinainstitute.org<br \/><\/a><\/p>\n<p>&#8220; back_background_color=&#8220;#EDEDED&#8220; _builder_version=&#8220;4.27.4&#8243; _module_preset=&#8220;default&#8220; header-front_level=&#8220;h2&#8243; header-front_font=&#8220;|||on|||||&#8220; header-front_text_align=&#8220;center&#8220; header-front_text_color=&#8220;#3D3D3D&#8220; header-front_font_size=&#8220;18px&#8220; header-front_letter_spacing=&#8220;2px&#8220; header-front_line_height=&#8220;1.4em&#8220; front-body_font=&#8220;|600|||||||&#8220; front-body_text_align=&#8220;center&#8220; front-body_text_color=&#8220;#006C55&#8243; front-body_font_size=&#8220;16px&#8220; back-body_text_color=&#8220;#3D3D3D&#8220; width=&#8220;100%&#8220; max_width=&#8220;1200px&#8220; module_alignment=&#8220;center&#8220; link_option_url=&#8220;https:\/\/bucovinainstitute.org\/&#8220; link_option_url_new_window=&#8220;on&#8220; box_shadow_style=&#8220;preset1&#8243; box_shadow_color=&#8220;#3D3D3D&#8220; global_colors_info=&#8220;{}&#8220;][\/lwp_divi_flipbox][\/et_pb_column][\/et_pb_row][et_pb_row column_structure=&#8220;1_2,1_2&#8243; _builder_version=&#8220;4.27.4&#8243; _module_preset=&#8220;default&#8220; global_colors_info=&#8220;{}&#8220;][et_pb_column type=&#8220;1_2&#8243; _builder_version=&#8220;4.27.4&#8243; _module_preset=&#8220;default&#8220; global_colors_info=&#8220;{}&#8220;][lwp_divi_flipbox front_title=&#8220;Chamber of Commerce and Industry Vratsa Sdruzhenie  &#8220; front_body=&#8220;<\/p>\n<p>Bulgarien<\/p>\n<p>&#8220; front_src=&#8220;https:\/\/deal4good.eu\/wp-content\/uploads\/2025\/03\/CCI-logo.png&#8220; front_background_color=&#8220;#FFFFFF&#8220; back_body=&#8220;<\/p>\n<p>Die Handels- und Industriekammer Vratsa (Sdruzhenie) basiert auf den Grunds\u00e4tzen der freiwilligen Teilnahme und Mitgliedschaft, Autonomie und Selbstfinanzierung. Die Kammer arbeitet in enger Zusammenarbeit mit nationalen, regionalen und lokalen Beh\u00f6rden sowie anderen Nichtregierungsorganisationen, KMU, akademischen und Forschungseinrichtungen. Die Kammer ist Teil des Bulgarischen Netzwerks f\u00fcr Technologietransfer.<\/p>\n<p>Website: <a href=%22https:\/\/www.cci-vratsa.org\/en\/home%22 data-et-target-link=%22_blank%22 rel=%22noopener%22>www.cci-vratsa.org<br \/><\/a><\/p>\n<p>&#8220; back_background_color=&#8220;#EDEDED&#8220; _builder_version=&#8220;4.27.4&#8243; _module_preset=&#8220;default&#8220; header-front_level=&#8220;h2&#8243; header-front_font=&#8220;|||on|||||&#8220; header-front_text_align=&#8220;center&#8220; header-front_text_color=&#8220;#3D3D3D&#8220; header-front_font_size=&#8220;18px&#8220; header-front_letter_spacing=&#8220;2px&#8220; header-front_line_height=&#8220;1.4em&#8220; front-body_font=&#8220;|600|||||||&#8220; front-body_text_align=&#8220;center&#8220; front-body_text_color=&#8220;#006C55&#8243; front-body_font_size=&#8220;16px&#8220; back-body_text_color=&#8220;#3D3D3D&#8220; width=&#8220;100%&#8220; max_width=&#8220;1200px&#8220; module_alignment=&#8220;center&#8220; link_option_url=&#8220;https:\/\/www.cci-vratsa.org\/en\/home&#8220; link_option_url_new_window=&#8220;on&#8220; box_shadow_style=&#8220;preset1&#8243; box_shadow_color=&#8220;#3D3D3D&#8220; global_colors_info=&#8220;{}&#8220;][\/lwp_divi_flipbox][\/et_pb_column][et_pb_column type=&#8220;1_2&#8243; _builder_version=&#8220;4.27.4&#8243; _module_preset=&#8220;default&#8220; global_colors_info=&#8220;{}&#8220;][lwp_divi_flipbox front_title=&#8220;TPCT Consulting &#038; Events Ltd  &#8220; front_body=&#8220;<\/p>\n<p>Zypern<\/p>\n<p>&#8220; front_src=&#8220;https:\/\/deal4good.eu\/wp-content\/uploads\/2025\/03\/TPCT-logo.png&#8220; front_background_color=&#8220;#FFFFFF&#8220; back_body=&#8220;<\/p>\n<p>TPCT wurde 2014 in Zypern von einem Team aus Wirtschaftsfachleuten, Ingenieuren und Forschenden gegr\u00fcndet, das technologische und betriebswirtschaftliche Expertise kombiniert. Ihre Mission ist es, sowohl europ\u00e4ische als auch globale Marktanforderungen optimal zu bew\u00e4ltigen \u2013 durch hochmoderne Forschungs- und Innovationsaktivit\u00e4ten, wegweisende technologische L\u00f6sungen, Bildung und Beratung.<\/p>\n<p>Website: <a href=%22https:\/\/www.tpct.eu\/%22 data-et-target-link=%22_blank%22 rel=%22noopener%22>www.tpct.eu<br \/><\/a><\/p>\n<p>&#8220; back_background_color=&#8220;#EDEDED&#8220; _builder_version=&#8220;4.27.4&#8243; _module_preset=&#8220;default&#8220; header-front_level=&#8220;h2&#8243; header-front_font=&#8220;|||on|||||&#8220; header-front_text_align=&#8220;center&#8220; header-front_text_color=&#8220;#3D3D3D&#8220; header-front_font_size=&#8220;18px&#8220; header-front_letter_spacing=&#8220;2px&#8220; header-front_line_height=&#8220;1.4em&#8220; front-body_font=&#8220;|600|||||||&#8220; front-body_text_align=&#8220;center&#8220; front-body_text_color=&#8220;#006C55&#8243; front-body_font_size=&#8220;16px&#8220; back-body_text_color=&#8220;#3D3D3D&#8220; width=&#8220;100%&#8220; max_width=&#8220;1200px&#8220; module_alignment=&#8220;center&#8220; link_option_url=&#8220;https:\/\/www.tpct.eu\/&#8220; link_option_url_new_window=&#8220;on&#8220; box_shadow_style=&#8220;preset1&#8243; box_shadow_color=&#8220;#3D3D3D&#8220; global_colors_info=&#8220;{}&#8220;][\/lwp_divi_flipbox][\/et_pb_column][\/et_pb_row][\/et_pb_section]<\/p>\n","protected":false},"excerpt":{"rendered":"<div class=\"et_pb_module lwp_divi_flipbox lwp_divi_flipbox_0\">\n\t\t\t\t\n\t\t\t\t\n\t\t\t\t\n\t\t\t\t\n\t\t\t\t\n\t\t\t\t\n\t\t\t\t<div class=\"et_pb_module_inner\">\n\t\t\t\t\t<div class=\"flip_box flip_right \">\n\t\t\t<div class=\"flip_box_inner\">\n\t\t\t\t<div class=\"flip_box_front flip_card\">\n\t\t\t\t\t<span class=\"image_wrap\"><img decoding=\"async\" src=\"&#8220;https:\/\/deal4good.eu\/wp-content\/uploads\/2025\/03\/ECSF-logo.png&#8220;\"\/><\/span>\n\t\t\t\t\t<h4 class=\"front_title\">&#8220;European<\/h4>\n\t\t\t\t\t<div class=\"front_body\">\u201cDeutschland\u201c<\/div>\n\t\t\t\t<\/div>\n\t\t\t\t<div class=\"flip_box_back flip_card\">\n\t\t\t\t\t<span class=\"image_wrap\"><img decoding=\"async\" src=\"\"\/><\/span>\n\t\t\t\t\t\n\t\t\t\t\t<div class=\"back_body\">\u201cDas<\/div>\n\t\t\t\t\t\n\t\t\t\t<\/div>\n\t\t\t<\/div>\n\t\t<\/div>\n\t\t\t\t<\/div>\n\t\t\t<\/div>\n","protected":false},"author":1,"featured_media":0,"parent":0,"menu_order":0,"comment_status":"closed","ping_status":"closed","template":"","meta":{"_acf_changed":false,"_et_pb_use_builder":"on","_et_pb_old_content":"","_et_gb_content_width":"","footnotes":""},"class_list":["post-757","page","type-page","status-publish","hentry"],"acf":[],"_links":{"self":[{"href":"https:\/\/deal4good.eu\/de\/wp-json\/wp\/v2\/pages\/757","targetHints":{"allow":["GET"]}}],"collection":[{"href":"https:\/\/deal4good.eu\/de\/wp-json\/wp\/v2\/pages"}],"about":[{"href":"https:\/\/deal4good.eu\/de\/wp-json\/wp\/v2\/types\/page"}],"author":[{"embeddable":true,"href":"https:\/\/deal4good.eu\/de\/wp-json\/wp\/v2\/users\/1"}],"replies":[{"embeddable":true,"href":"https:\/\/deal4good.eu\/de\/wp-json\/wp\/v2\/comments?post=757"}],"version-history":[{"count":5,"href":"https:\/\/deal4good.eu\/de\/wp-json\/wp\/v2\/pages\/757\/revisions"}],"predecessor-version":[{"id":773,"href":"https:\/\/deal4good.eu\/de\/wp-json\/wp\/v2\/pages\/757\/revisions\/773"}],"wp:attachment":[{"href":"https:\/\/deal4good.eu\/de\/wp-json\/wp\/v2\/media?parent=757"}],"curies":[{"name":"wp","href":"https:\/\/api.w.org\/{rel}","templated":true}]}}