{"id":732,"date":"2025-02-27T00:33:25","date_gmt":"2025-02-27T00:33:25","guid":{"rendered":"https:\/\/deal4good.eu\/uber"},"modified":"2025-08-25T09:58:56","modified_gmt":"2025-08-25T09:58:56","slug":"uber","status":"publish","type":"page","link":"https:\/\/deal4good.eu\/de\/uber","title":{"rendered":"\u00dcber"},"content":{"rendered":"<p>[et_pb_section fb_built=&#8220;1&#8243; next_background_color=&#8220;#ffffff&#8220; _builder_version=&#8220;4.27.4&#8243; _module_preset=&#8220;default&#8220; background_enable_color=&#8220;off&#8220; use_background_color_gradient=&#8220;on&#8220; background_color_gradient_direction=&#8220;83deg&#8220; background_color_gradient_stops=&#8220;#004ba3 40%|#006c55 72%&#8220; height=&#8220;250px&#8220; height_tablet=&#8220;230px&#8220; height_phone=&#8220;210px&#8220; height_last_edited=&#8220;on|phone&#8220; bottom_divider_style=&#8220;triangle&#8220; bottom_divider_height=&#8220;30px&#8220; bottom_divider_flip=&#8220;vertical&#8220; global_colors_info=&#8220;{}&#8220;][et_pb_row _builder_version=&#8220;4.27.4&#8243; _module_preset=&#8220;default&#8220; global_colors_info=&#8220;{}&#8220;][et_pb_column type=&#8220;4_4&#8243; _builder_version=&#8220;4.27.4&#8243; _module_preset=&#8220;default&#8220; global_colors_info=&#8220;{}&#8220;][et_pb_heading title=&#8220;\u00dcber&#8220; _builder_version=&#8220;4.27.4&#8243; _module_preset=&#8220;default&#8220; title_text_align=&#8220;center&#8220; title_text_color=&#8220;#FFFFFF&#8220; title_font_size=&#8220;42px&#8220; title_font_size_tablet=&#8220;36px&#8220; title_font_size_phone=&#8220;28px&#8220; title_font_size_last_edited=&#8220;on|phone&#8220; global_colors_info=&#8220;{}&#8220;][\/et_pb_heading][\/et_pb_column][\/et_pb_row][\/et_pb_section][et_pb_section fb_built=&#8220;1&#8243; admin_label=&#8220;About&#8220; _builder_version=&#8220;4.27.4&#8243; _module_preset=&#8220;default&#8220; hover_enabled=&#8220;0&#8243; collapsed=&#8220;on&#8220; global_colors_info=&#8220;{}&#8220; custom_margin=&#8220;-1px||||false|false&#8220; sticky_enabled=&#8220;0&#8243;][et_pb_row _builder_version=&#8220;4.27.4&#8243; _module_preset=&#8220;default&#8220; max_width=&#8220;1800px&#8220; global_colors_info=&#8220;{}&#8220;][et_pb_column type=&#8220;4_4&#8243; _builder_version=&#8220;4.22.0&#8243; _module_preset=&#8220;default&#8220; global_colors_info=&#8220;{}&#8220;][et_pb_text _builder_version=&#8220;4.27.4&#8243; _module_preset=&#8220;_initial&#8220; header_2_text_align=&#8220;center&#8220; header_2_font_size=&#8220;36px&#8220; header_2_line_height=&#8220;1.2em&#8220; header_3_font=&#8220;Inter|700|||||||&#8220; header_3_font_size=&#8220;30px&#8220; header_3_line_height=&#8220;1.4em&#8220; custom_margin=&#8220;||10px||false|false&#8220; header_3_font_size_tablet=&#8220;20px&#8220; header_3_font_size_phone=&#8220;16px&#8220; header_3_font_size_last_edited=&#8220;on|desktop&#8220; global_colors_info=&#8220;{}&#8220;]<\/p>\n<h2>Die Herausforderung  <\/h2>\n<p>[\/et_pb_text][et_pb_text _builder_version=&#8220;4.27.4&#8243; _module_preset=&#8220;_initial&#8220; text_font=&#8220;||||||||&#8220; text_font_size=&#8220;16px&#8220; text_line_height=&#8220;1.8em&#8220; link_font=&#8220;||||on||||&#8220; text_orientation=&#8220;center&#8220; max_width=&#8220;800px&#8220; module_alignment=&#8220;center&#8220; text_font_size_tablet=&#8220;15px&#8220; text_font_size_phone=&#8220;14px&#8220; text_font_size_last_edited=&#8220;on|desktop&#8220; global_colors_info=&#8220;{}&#8220;]Zu den Herausforderungen im Zusammenhang mit dem Deal4Good-Projekt geh\u00f6ren die begrenzte Verf\u00fcgbarkeit von qualifizierten Fachkr\u00e4ften, die sich auf das soziale \u00f6ffentliche Beschaffungswesen (SPP) spezialisiert haben, das Fehlen umfassender Berufsbildungsprogramme, die Absolventen mit den notwendigen Kenntnissen und F\u00e4higkeiten ausstatten, um Sozialunternehmen bei der Nutzung von SPP-M\u00f6glichkeiten zu unterst\u00fctzen, sowie der unterschiedliche Entwicklungsstand des SPP in den europ\u00e4ischen L\u00e4ndern, der zu Unterschieden in der Unterst\u00fctzung f\u00fcr Sozialunternehmen f\u00fchrt.[\/et_pb_text][\/et_pb_column][\/et_pb_row][et_pb_row _builder_version=&#8220;4.24.0&#8243; _module_preset=&#8220;default&#8220; max_width=&#8220;1800px&#8220; custom_margin=&#8220;|auto|3px|auto||&#8220; global_colors_info=&#8220;{}&#8220;][et_pb_column type=&#8220;4_4&#8243; _builder_version=&#8220;4.22.0&#8243; _module_preset=&#8220;default&#8220; global_colors_info=&#8220;{}&#8220;][et_pb_image src=&#8220;https:\/\/deal4good.eu\/wp-content\/uploads\/2025\/03\/about-deal4good.jpg&#8220; title_text=&#8220;\u00fcber-deal4good&#8220; align=&#8220;center&#8220; _builder_version=&#8220;4.27.4&#8243; _module_preset=&#8220;default&#8220; width=&#8220;60%&#8220; custom_margin=&#8220;||||false|false&#8220; custom_padding=&#8220;6%||6%||true|false&#8220; scroll_scaling_enable=&#8220;on&#8220; scroll_scaling=&#8220;0|100|100|100|90%|100|100&#8243; border_radii=&#8220;on|1000px|1000px|1000px|1000px&#8220; global_colors_info=&#8220;{}&#8220;][\/et_pb_image][et_pb_image src=&#8220;https:\/\/deal4good.eu\/wp-content\/uploads\/2025\/03\/illustration-01@2x.png&#8220; title_text=&#8220;illustration-01@2x&#8220; _builder_version=&#8220;4.24.0&#8243; _module_preset=&#8220;default&#8220; transform_translate=&#8220;100%|0px&#8220; transform_translate_linked=&#8220;off&#8220; positioning=&#8220;absolute&#8220; width=&#8220;10%&#8220; filter_opacity=&#8220;50%&#8220; scroll_rotating_enable=&#8220;on&#8220; scroll_rotating=&#8220;0|50|50|100|40\u00b0|0|-40\u00b0&#8220; global_colors_info=&#8220;{}&#8220;][\/et_pb_image][et_pb_image src=&#8220;https:\/\/deal4good.eu\/wp-content\/uploads\/2025\/03\/about.png&#8220; title_text=&#8220;\u00fcber&#8220; _builder_version=&#8220;4.27.4&#8243; _module_preset=&#8220;default&#8220; positioning=&#8220;absolute&#8220; position_origin_a=&#8220;bottom_left&#8220; position_origin_a_last_edited=&#8220;off|tablet&#8220; position_origin_f_last_edited=&#8220;off|tablet&#8220; position_origin_r_last_edited=&#8220;off|tablet&#8220; width=&#8220;20%&#8220; scroll_fade_enable=&#8220;on&#8220; positioning_last_edited=&#8220;off|tablet&#8220; border_radii=&#8220;on|1000px|1000px|1000px|1000px&#8220; global_colors_info=&#8220;{}&#8220;][\/et_pb_image][et_pb_image src=&#8220;https:\/\/deal4good.eu\/wp-content\/uploads\/2025\/03\/about-d4g.jpg&#8220; title_text=&#8220;\u00fcber-d4g&#8220; _builder_version=&#8220;4.27.4&#8243; _module_preset=&#8220;default&#8220; positioning=&#8220;absolute&#8220; position_origin_a=&#8220;top_right&#8220; width=&#8220;12%&#8220; filter_opacity=&#8220;66%&#8220; scroll_blur_enable=&#8220;on&#8220; border_radii=&#8220;on|1vw|1vw|1vw|1vw&#8220; global_colors_info=&#8220;{}&#8220;][\/et_pb_image][et_pb_image src=&#8220;https:\/\/deal4good.eu\/wp-content\/uploads\/2025\/03\/illustration-03.png&#8220; title_text=&#8220;illustration-03&#8243; align_last_edited=&#8220;off|desktop&#8220; _builder_version=&#8220;4.24.0&#8243; _module_preset=&#8220;default&#8220; positioning=&#8220;absolute&#8220; position_origin_a=&#8220;bottom_right&#8220; position_origin_a_last_edited=&#8220;off|tablet&#8220; position_origin_f_last_edited=&#8220;off|tablet&#8220; position_origin_r_last_edited=&#8220;off|tablet&#8220; width=&#8220;18%&#8220; scroll_rotating_enable=&#8220;on&#8220; scroll_rotating=&#8220;0|50|50|100|-30\u00b0|0|30\u00b0&#8220; positioning_last_edited=&#8220;off|tablet&#8220; global_colors_info=&#8220;{}&#8220;][\/et_pb_image][\/et_pb_column][\/et_pb_row][et_pb_row _builder_version=&#8220;4.27.4&#8243; _module_preset=&#8220;default&#8220; max_width=&#8220;1800px&#8220; global_colors_info=&#8220;{}&#8220;][et_pb_column type=&#8220;4_4&#8243; _builder_version=&#8220;4.22.0&#8243; _module_preset=&#8220;default&#8220; global_colors_info=&#8220;{}&#8220;][et_pb_text _builder_version=&#8220;4.27.4&#8243; _module_preset=&#8220;_initial&#8220; header_2_text_align=&#8220;center&#8220; header_2_font_size=&#8220;36px&#8220; header_2_line_height=&#8220;1.2em&#8220; header_3_font=&#8220;Inter|700|||||||&#8220; header_3_font_size=&#8220;30px&#8220; header_3_line_height=&#8220;1.4em&#8220; custom_margin=&#8220;||10px||false|false&#8220; header_3_font_size_tablet=&#8220;20px&#8220; header_3_font_size_phone=&#8220;16px&#8220; header_3_font_size_last_edited=&#8220;on|desktop&#8220; global_colors_info=&#8220;{}&#8220;]<\/p>\n<h2>Unser Ziel<\/h2>\n<p>[\/et_pb_text][et_pb_text _builder_version=&#8220;4.27.4&#8243; _module_preset=&#8220;_initial&#8220; text_font=&#8220;||||||||&#8220; text_font_size=&#8220;16px&#8220; text_line_height=&#8220;1.8em&#8220; link_font=&#8220;||||on||||&#8220; text_orientation=&#8220;center&#8220; max_width=&#8220;800px&#8220; module_alignment=&#8220;center&#8220; text_font_size_tablet=&#8220;15px&#8220; text_font_size_phone=&#8220;14px&#8220; text_font_size_last_edited=&#8220;on|desktop&#8220; global_colors_info=&#8220;{}&#8220;]Ziel des Projekts ist es, einen innovativen Lehrplan f\u00fcr Experten f\u00fcr soziales Beschaffungswesen (Social Procurement Expert (SPE)&#8220;) zu entwickeln, zu erproben und umzusetzen, der Fachleute bef\u00e4higt, das Potenzial von Sozialunternehmen durch eine effektive Teilnahme am sozialen \u00f6ffentlichen Beschaffungswesen zu erschlie\u00dfen.[\/et_pb_text][\/et_pb_column][\/et_pb_row][\/et_pb_section][et_pb_section fb_built=&#8220;1&#8243; admin_label=&#8220;Services&#8220; _builder_version=&#8220;4.27.4&#8243; _module_preset=&#8220;default&#8220; background_color=&#8220;#EDEDED&#8220; collapsed=&#8220;on&#8220; global_colors_info=&#8220;{}&#8220;][et_pb_row column_structure=&#8220;1_3,2_3&#8243; _builder_version=&#8220;4.27.4&#8243; _module_preset=&#8220;default&#8220; max_width=&#8220;1800px&#8220; global_colors_info=&#8220;{}&#8220;][et_pb_column type=&#8220;1_3&#8243; _builder_version=&#8220;4.22.0&#8243; _module_preset=&#8220;default&#8220; global_colors_info=&#8220;{}&#8220;][et_pb_text _builder_version=&#8220;4.27.4&#8243; _module_preset=&#8220;_initial&#8220; header_2_font_size=&#8220;36px&#8220; header_2_line_height=&#8220;1.2em&#8220; header_3_font=&#8220;Inter|700|||||||&#8220; header_3_font_size=&#8220;30px&#8220; header_3_line_height=&#8220;1.4em&#8220; custom_margin=&#8220;||10px||false|false&#8220; header_3_font_size_tablet=&#8220;20px&#8220; header_3_font_size_phone=&#8220;16px&#8220; header_3_font_size_last_edited=&#8220;on|desktop&#8220; global_colors_info=&#8220;{}&#8220;]<\/p>\n<h2>Hauptziele des Projekts  <\/h2>\n<p>[\/et_pb_text][\/et_pb_column][et_pb_column type=&#8220;2_3&#8243; _builder_version=&#8220;4.22.0&#8243; _module_preset=&#8220;default&#8220; global_colors_info=&#8220;{}&#8220;][et_pb_text _builder_version=&#8220;4.27.4&#8243; _module_preset=&#8220;_initial&#8220; header_3_line_height=&#8220;1.3em&#8220; header_5_font=&#8220;Inter|700|||||||&#8220; header_5_font_size=&#8220;20px&#8220; header_5_line_height=&#8220;1.4em&#8220; custom_margin=&#8220;||0px||false|false&#8220; header_5_font_size_tablet=&#8220;16px&#8220; header_5_font_size_phone=&#8220;14px&#8220; header_5_font_size_last_edited=&#8220;on|desktop&#8220; global_colors_info=&#8220;{}&#8220;]<\/p>\n<h3>Untersuchen Sie die Entwicklungsl\u00fccken von Anbietern und Eink\u00e4ufern im Bereich der sozialen \u00f6ffentlichen Beschaffung:<\/h3>\n<p>[\/et_pb_text][et_pb_text _builder_version=&#8220;4.27.4&#8243; _module_preset=&#8220;_initial&#8220; text_font=&#8220;||||||||&#8220; text_line_height=&#8220;1.6em&#8220; global_colors_info=&#8220;{}&#8220;]F\u00fchren Sie Untersuchungen durch, um Wissens-, Kapazit\u00e4ts- und Ressourcendefizite zu ermitteln, mit denen sowohl Sozialunternehmen als auch \u00f6ffentliche Beh\u00f6rden im Bereich des sozialen \u00f6ffentlichen Auftragswesens konfrontiert sind.[\/et_pb_text][et_pb_text _builder_version=&#8220;4.27.4&#8243; _module_preset=&#8220;_initial&#8220; header_3_line_height=&#8220;1.3em&#8220; header_5_font=&#8220;Inter|700|||||||&#8220; header_5_font_size=&#8220;20px&#8220; header_5_line_height=&#8220;1.4em&#8220; custom_margin=&#8220;||0px||false|false&#8220; header_5_font_size_tablet=&#8220;16px&#8220; header_5_font_size_phone=&#8220;14px&#8220; header_5_font_size_last_edited=&#8220;on|desktop&#8220; global_colors_info=&#8220;{}&#8220;]<\/p>\n<h3>\u00dcberwinden Sie Blockaden durch innovative Berufsbildungs- und Lernwerkzeuge:  <\/h3>\n<p>[\/et_pb_text][et_pb_text _builder_version=&#8220;4.27.4&#8243; _module_preset=&#8220;_initial&#8220; text_font=&#8220;||||||||&#8220; text_line_height=&#8220;1.6em&#8220; global_colors_info=&#8220;{}&#8220;]Entwicklung und Durchf\u00fchrung eines innovativen Lehrplans &#8222;Experte f\u00fcr soziales Beschaffungswesen (SPE)&#8220;, der auf die ermittelten Bed\u00fcrfnisse eingeht und Unterricht im Klassenzimmer mit praktischen Lernerfahrungen am Arbeitsplatz in Zusammenarbeit mit Sozialunternehmen und Beh\u00f6rden kombiniert.[\/et_pb_text][et_pb_text _builder_version=&#8220;4.27.4&#8243; _module_preset=&#8220;_initial&#8220; header_3_line_height=&#8220;1.3em&#8220; header_5_font=&#8220;Inter|700|||||||&#8220; header_5_font_size=&#8220;20px&#8220; header_5_line_height=&#8220;1.4em&#8220; custom_margin=&#8220;||0px||false|false&#8220; header_5_font_size_tablet=&#8220;16px&#8220; header_5_font_size_phone=&#8220;14px&#8220; header_5_font_size_last_edited=&#8220;on|desktop&#8220; global_colors_info=&#8220;{}&#8220;]<\/p>\n<h3>Sicherstellung der Nachhaltigkeit der Projektergebnisse im Laufe der Zeit:  <\/h3>\n<p>[\/et_pb_text][et_pb_text _builder_version=&#8220;4.27.4&#8243; _module_preset=&#8220;_initial&#8220; text_font=&#8220;||||||||&#8220; text_line_height=&#8220;1.6em&#8220; global_colors_info=&#8220;{}&#8220;]Entwicklung und Verbreitung wertvoller Ressourcen, darunter ein Handbuch f\u00fcr Berufsbildungsanbieter, ein MOOC f\u00fcr einen breiteren Zugang, ein digitales Tool zur Bewertung der Bereitschaft sozialer Unternehmen und politische Kurzdarstellungen zur Integration von Projektergebnissen in die nationale Politik.[\/et_pb_text][\/et_pb_column][\/et_pb_row][\/et_pb_section]<\/p>\n","protected":false},"excerpt":{"rendered":"<p>Die Herausforderung Zu den Herausforderungen im Zusammenhang mit dem Deal4Good-Projekt geh\u00f6ren die begrenzte Verf\u00fcgbarkeit von qualifizierten Fachkr\u00e4ften, die sich auf das soziale \u00f6ffentliche Beschaffungswesen (SPP) spezialisiert haben, das Fehlen umfassender Berufsbildungsprogramme, die Absolventen mit den notwendigen Kenntnissen und F\u00e4higkeiten ausstatten, um Sozialunternehmen bei der Nutzung von SPP-M\u00f6glichkeiten zu unterst\u00fctzen, sowie der unterschiedliche Entwicklungsstand des SPP [&hellip;]<\/p>\n","protected":false},"author":1,"featured_media":0,"parent":0,"menu_order":0,"comment_status":"closed","ping_status":"closed","template":"","meta":{"_acf_changed":false,"_et_pb_use_builder":"on","_et_pb_old_content":"","_et_gb_content_width":"","footnotes":""},"class_list":["post-732","page","type-page","status-publish","hentry"],"acf":[],"_links":{"self":[{"href":"https:\/\/deal4good.eu\/de\/wp-json\/wp\/v2\/pages\/732","targetHints":{"allow":["GET"]}}],"collection":[{"href":"https:\/\/deal4good.eu\/de\/wp-json\/wp\/v2\/pages"}],"about":[{"href":"https:\/\/deal4good.eu\/de\/wp-json\/wp\/v2\/types\/page"}],"author":[{"embeddable":true,"href":"https:\/\/deal4good.eu\/de\/wp-json\/wp\/v2\/users\/1"}],"replies":[{"embeddable":true,"href":"https:\/\/deal4good.eu\/de\/wp-json\/wp\/v2\/comments?post=732"}],"version-history":[{"count":3,"href":"https:\/\/deal4good.eu\/de\/wp-json\/wp\/v2\/pages\/732\/revisions"}],"predecessor-version":[{"id":735,"href":"https:\/\/deal4good.eu\/de\/wp-json\/wp\/v2\/pages\/732\/revisions\/735"}],"wp:attachment":[{"href":"https:\/\/deal4good.eu\/de\/wp-json\/wp\/v2\/media?parent=732"}],"curies":[{"name":"wp","href":"https:\/\/api.w.org\/{rel}","templated":true}]}}